{"id":134,"date":"2018-12-31T18:28:04","date_gmt":"2018-12-31T17:28:04","guid":{"rendered":"https:\/\/hatzak.de\/travel\/?page_id=134"},"modified":"2018-12-31T18:28:04","modified_gmt":"2018-12-31T17:28:04","slug":"stehovani-bydleni-a-cestovani-do-nemecka","status":"publish","type":"page","link":"https:\/\/hatzak.de\/travel\/cs\/","title":{"rendered":"St\u011bhov\u00e1n\u00ed, bydlen\u00ed a cestov\u00e1n\u00ed do N\u011bmecka"},"content":{"rendered":"<p><span class=\"tlid-translation translation\">Pl\u00e1nujete \u017e\u00edt v N\u011bmecku nebo se p\u0159est\u011bhovat do N\u011bmecka jako expat, student, pracovat jako Au Pair nebo cestovat do N\u011bmecka jako turista na del\u0161\u00ed \u010dasov\u00e9 obdob\u00ed? Berl\u00edn, Hamburk, Stuttgart, Mnichov, Kol\u00edn nad R\u00fdnem a mnoho dal\u0161\u00edch m\u011bst jsou velmi obl\u00edben\u00e9 turistick\u00e9 a reziden\u010dn\u00ed oblasti, kde za\u010d\u00edn\u00e1 nov\u00fd \u017eivot. Chcete-li spr\u00e1vn\u011b zvl\u00e1dnout prvn\u00ed kroky, m\u011bli byste vz\u00edt na v\u011bdom\u00ed n\u00e1sleduj\u00edc\u00ed body:<\/p>\n<p>1. Otev\u0159ete b\u011b\u017en\u00fd \u00fa\u010det nebo bankovn\u00ed \u00fa\u010det v N\u011bmecku (zdarma \/ levn\u011b)<br \/>\n2. Najd\u011bte byt \/ d\u016fm a pronajmout \/ koupit<br \/>\n3. Registrace va\u0161eho bydli\u0161t\u011b na radnici nebo v m\u00edstn\u00edm okresn\u00edm \u00fa\u0159adu<br \/>\n4. dodavatel elekt\u0159iny<br \/>\n5. Poskytovatel plynu \/ vody<br \/>\n6. Telefonn\u00ed \/ internetov\u00fd poskytovatel<br \/>\n7. Poskytovatel mobiln\u00edch telefon\u016f<br \/>\n8. D\u016fle\u017eit\u00e9 n\u011bmeck\u00e9 poji\u0161t\u011bn\u00ed<br \/>\n(Zdravotn\u00ed poji\u0161t\u011bn\u00ed, poji\u0161t\u011bn\u00ed odpov\u011bdnosti, \u00farazov\u00e9 poji\u0161t\u011bn\u00ed, zahrani\u010dn\u00ed zdravotn\u00ed poji\u0161t\u011bn\u00ed, zubn\u00ed poji\u0161t\u011bn\u00ed)<br \/>\n9. Nezapome\u0148te ukon\u010dit c\u00edrkev \/ n\u00e1bo\u017eenstv\u00ed, proto\u017ee zaplat\u00edte 7% c\u00edrkevn\u00ed dan\u011b jinak za protestantskou nebo katolickou denominaci<\/p>\n<p>Spolkov\u00e9 st\u00e1ty Spolkov\u00e9 republiky N\u011bmecko<\/p>\n<p>Spolkov\u00e1 republika N\u011bmecko (FRG) je rozd\u011blena do 16 feder\u00e1ln\u00edch st\u00e1t\u016f. N\u011bmeck\u00e9 feder\u00e1ln\u00ed st\u00e1ty a provin\u010dn\u00ed hlavn\u00ed m\u011bsto jsou:<\/p>\n<p>1. B\u00e1densko-W\u00fcrttembersko (Stuttgart)<br \/>\n2. Svobodn\u00fd st\u00e1t Bavorsko (Mnichov)<br \/>\n3. Berl\u00edn (Berl\u00edn)<br \/>\n4. Brandenburg (Potsdam)<br \/>\n5. Bezplatn\u00e9 hanzovn\u00ed m\u011bsto Br\u00e9my (Br\u00e9my)<br \/>\n6. Svobodn\u00e9 a hanzovn\u00ed m\u011bsto Hamburg (Hamburg)<br \/>\n7. Hesensko (Wiesbaden)<br \/>\n8. Meklenbursko-P\u0159edn\u00ed Pomo\u0159ansko (Schwerin)<br \/>\n9. Doln\u00ed Sasko (Hannover)<br \/>\n10. Severn\u00ed Por\u00fdn\u00ed-Vestf\u00e1lsko (D\u00fcsseldorf)<br \/>\n11. Por\u00fdn\u00ed-Falc (Mainz)<br \/>\n12. S\u00e1rsko (Saarbr\u00fccken)<br \/>\n13. Sasko (Dr\u00e1\u017e\u010fany)<br \/>\n14. Sasko-Anhaltsko (Magdeburg)<br \/>\n15. \u0160lesvicko-Hol\u0161t\u00fdnsko (Kiel)<br \/>\n16. svobodn\u00fd st\u00e1t Durynsko (Erfurt)<\/span><\/p>\n","protected":false},"excerpt":{"rendered":"<p>Pl\u00e1nujete \u017e\u00edt v N\u011bmecku nebo se p\u0159est\u011bhovat do N\u011bmecka jako expat, student, pracovat jako Au Pair nebo cestovat do N\u011bmecka jako turista na del\u0161\u00ed \u010dasov\u00e9 obdob\u00ed? Berl\u00edn, Hamburk, Stuttgart, Mnichov, Kol\u00edn nad R\u00fdnem a mnoho dal\u0161\u00edch m\u011bst jsou velmi obl\u00edben\u00e9 turistick\u00e9 a reziden\u010dn\u00ed oblasti, kde za\u010d\u00edn\u00e1 nov\u00fd \u017eivot. Chcete-li spr\u00e1vn\u011b zvl\u00e1dnout prvn\u00ed kroky, m\u011bli byste &hellip; <a href=\"https:\/\/hatzak.de\/travel\/cs\/\" class=\"more-link\">Pokra\u010dovat ve \u010dten\u00ed<span class=\"screen-reader-text\"> &#8222;St\u011bhov\u00e1n\u00ed, bydlen\u00ed a cestov\u00e1n\u00ed do N\u011bmecka&#8220;<\/span><\/a><\/p>\n","protected":false},"author":1,"featured_media":0,"parent":0,"menu_order":0,"comment_status":"closed","ping_status":"closed","template":"","meta":{"footnotes":""},"class_list":["post-134","page","type-page","status-publish","hentry"],"_links":{"self":[{"href":"https:\/\/hatzak.de\/travel\/cs\/wp-json\/wp\/v2\/pages\/134","targetHints":{"allow":["GET"]}}],"collection":[{"href":"https:\/\/hatzak.de\/travel\/cs\/wp-json\/wp\/v2\/pages"}],"about":[{"href":"https:\/\/hatzak.de\/travel\/cs\/wp-json\/wp\/v2\/types\/page"}],"author":[{"embeddable":true,"href":"https:\/\/hatzak.de\/travel\/cs\/wp-json\/wp\/v2\/users\/1"}],"replies":[{"embeddable":true,"href":"https:\/\/hatzak.de\/travel\/cs\/wp-json\/wp\/v2\/comments?post=134"}],"version-history":[{"count":1,"href":"https:\/\/hatzak.de\/travel\/cs\/wp-json\/wp\/v2\/pages\/134\/revisions"}],"predecessor-version":[{"id":135,"href":"https:\/\/hatzak.de\/travel\/cs\/wp-json\/wp\/v2\/pages\/134\/revisions\/135"}],"wp:attachment":[{"href":"https:\/\/hatzak.de\/travel\/cs\/wp-json\/wp\/v2\/media?parent=134"}],"curies":[{"name":"wp","href":"https:\/\/api.w.org\/{rel}","templated":true}]}}