{"id":80,"date":"2018-12-31T17:58:43","date_gmt":"2018-12-31T16:58:43","guid":{"rendered":"https:\/\/hatzak.de\/travel\/?page_id=80"},"modified":"2018-12-31T18:06:36","modified_gmt":"2018-12-31T17:06:36","slug":"flytter-bor-og-rejser-til-tyskland","status":"publish","type":"page","link":"https:\/\/hatzak.de\/travel\/da\/","title":{"rendered":"Flytter, bor og rejser til Tyskland"},"content":{"rendered":"<p><span class=\"tlid-translation translation\">Har du planer om at bo i Tyskland eller at flytte til Tyskland som udl\u00e6nding, en elev, til at arbejde, som AuPair eller at rejse til Tyskland som turist i l\u00e6ngere tid? Berlin, Hamburg, Stuttgart, M\u00fcnchen, K\u00f6ln og mange andre byer er meget popul\u00e6re rejse- og boligomr\u00e5der for at starte et nyt liv. For at beherske de f\u00f8rste trin godt, skal du bem\u00e6rke f\u00f8lgende punkter:<\/p>\n<p>1. \u00c5bn <a href=\"https:\/\/hatzak.de\/travel\/da\/saadan-aabnes-en-bankkonto-i-tyskland\/\">online nuv\u00e6rende konto eller bankkonto i Tyskland<\/a> (gratis \/ billig)<br \/>\n2. Find lejlighed \/ hus og leje \/ k\u00f8b<br \/>\n3. Registrering af dit hjemsted p\u00e5 r\u00e5dhuset eller lokalt kontor<br \/>\n4. elleverand\u00f8r<br \/>\n5. Gas \/ vand udbyder<br \/>\n6. Telefon \/ internetudbyder<br \/>\n7. Mobiltelefon udbyder<br \/>\n8. Vigtig tysk forsikring<br \/>\n(Sundhedsforsikring, ansvarsforsikring, ulykkesforsikring, udenlandsk sygesikring, tandforsikring)<br \/>\n9. Glem ikke at afslutte kirken \/ religionen, fordi du betaler 7% kirkeskat ellers til protestantisk eller katolsk kirkesamfund<\/p>\n<p>Forbundsrepublikken Tysklands forbundsregeringer<\/p>\n<p>Forbundsrepublikken Tyskland (FRG) er opdelt i 16 f\u00f8derale stater. Tysklands f\u00f8derale stater og provinskapital er:<\/p>\n<p>1. Baden-W\u00fcrttemberg (Stuttgart)<br \/>\n2. Bayerns delstat (M\u00fcnchen)<br \/>\n3. Berlin (Berlin)<br \/>\n4. Brandenburg (Potsdam)<br \/>\n5. Gratis Hansestad Bremen (Bremen)<br \/>\n6. Fri og Hansestad Hamburg (Hamburg)<br \/>\n7. Hesse (Wiesbaden)<br \/>\n8. Mecklenburg-Vorpommern (Schwerin)<br \/>\n9. Niedersachsen (Hannover)<br \/>\n10. Nordrhein-Westfalen (D\u00fcsseldorf)<br \/>\n11. Rheinland-Pfalz (Mainz)<br \/>\n12. Saarland (Saarbr\u00fccken)<br \/>\n13. Sachsen (Dresden)<br \/>\n14. Sachsen-Anhalt (Magdeburg)<br \/>\n15. Schleswig-Holstein (Kiel)<br \/>\n16. delstaten Th\u00fcringen (Erfurt)<\/span><\/p>\n","protected":false},"excerpt":{"rendered":"<p>Har du planer om at bo i Tyskland eller at flytte til Tyskland som udl\u00e6nding, en elev, til at arbejde, som AuPair eller at rejse til Tyskland som turist i l\u00e6ngere tid? Berlin, Hamburg, Stuttgart, M\u00fcnchen, K\u00f6ln og mange andre byer er meget popul\u00e6re rejse- og boligomr\u00e5der for at starte et nyt liv. For at &hellip; <a href=\"https:\/\/hatzak.de\/travel\/da\/\" class=\"more-link\">L\u00e6s videre<span class=\"screen-reader-text\"> &#8220;Flytter, bor og rejser til Tyskland&#8221;<\/span><\/a><\/p>\n","protected":false},"author":1,"featured_media":0,"parent":0,"menu_order":0,"comment_status":"closed","ping_status":"closed","template":"","meta":{"footnotes":""},"class_list":["post-80","page","type-page","status-publish","hentry"],"_links":{"self":[{"href":"https:\/\/hatzak.de\/travel\/da\/wp-json\/wp\/v2\/pages\/80","targetHints":{"allow":["GET"]}}],"collection":[{"href":"https:\/\/hatzak.de\/travel\/da\/wp-json\/wp\/v2\/pages"}],"about":[{"href":"https:\/\/hatzak.de\/travel\/da\/wp-json\/wp\/v2\/types\/page"}],"author":[{"embeddable":true,"href":"https:\/\/hatzak.de\/travel\/da\/wp-json\/wp\/v2\/users\/1"}],"replies":[{"embeddable":true,"href":"https:\/\/hatzak.de\/travel\/da\/wp-json\/wp\/v2\/comments?post=80"}],"version-history":[{"count":1,"href":"https:\/\/hatzak.de\/travel\/da\/wp-json\/wp\/v2\/pages\/80\/revisions"}],"predecessor-version":[{"id":82,"href":"https:\/\/hatzak.de\/travel\/da\/wp-json\/wp\/v2\/pages\/80\/revisions\/82"}],"wp:attachment":[{"href":"https:\/\/hatzak.de\/travel\/da\/wp-json\/wp\/v2\/media?parent=80"}],"curies":[{"name":"wp","href":"https:\/\/api.w.org\/{rel}","templated":true}]}}