{"id":118,"date":"2018-12-31T18:22:10","date_gmt":"2018-12-31T17:22:10","guid":{"rendered":"https:\/\/hatzak.de\/travel\/?page_id=118"},"modified":"2018-12-31T18:22:22","modified_gmt":"2018-12-31T17:22:22","slug":"mudarse-vivir-y-viajar-a-alemania","status":"publish","type":"page","link":"https:\/\/hatzak.de\/travel\/es\/","title":{"rendered":"Mudarse, vivir y viajar a Alemania"},"content":{"rendered":"<p><span class=\"tlid-translation translation\">\u00bfPlanea vivir en Alemania o mudarse a Alemania como expatriado, estudiante, trabajar, como AuPair o viajar a Alemania como turista por un per\u00edodo de tiempo m\u00e1s largo? Berl\u00edn, Hamburgo, Stuttgart, M\u00fanich, Colonia y muchas otras ciudades son \u00e1reas de viaje y residenciales muy populares para comenzar una nueva vida. Para dominar bien los primeros pasos, debe tener en cuenta los siguientes puntos:<\/span><\/p>\n<p>1. Abrir una <a href=\"https:\/\/hatzak.de\/travel\/es\/como-abrir-una-cuenta-bancaria-en-alemania\/\">cuenta corriente en l\u00ednea o una cuenta bancaria en Alemania<\/a> (gratis \/ barato)<br \/>\n2. Encontrar apartamento \/ casa y alquilar \/ comprar<br \/>\n3. Registro de su domicilio en el ayuntamiento o la oficina del distrito local<br \/>\n4to proveedor de electricidad<br \/>\n5. Proveedor de gas \/ agua<br \/>\n6. Tel\u00e9fono \/ proveedor de internet<br \/>\n7. proveedor de telefon\u00eda m\u00f3vil<br \/>\n8. Importante seguro alem\u00e1n.<br \/>\n(Seguro de salud, seguro de responsabilidad civil, seguro de accidentes, seguro de salud extranjero, seguro dental)<br \/>\n9. No olvide renunciar a la iglesia \/ religi\u00f3n porque paga el 7% de los impuestos de la iglesia de lo contrario por la denominaci\u00f3n protestante o cat\u00f3lica.<\/p>\n<p>Estados Federales de la Rep\u00fablica Federal de Alemania<\/p>\n<p>La Rep\u00fablica Federal de Alemania (FRG) est\u00e1 dividida en 16 estados federales. Los estados federales de Alemania y la capital provincial son:<\/p>\n<p>1. Baden-Wurtemberg (Stuttgart)<br \/>\n2. Estado Libre de Baviera (Munich)<br \/>\n3. Berl\u00edn (Berl\u00edn)<br \/>\n4. Brandeburgo (Potsdam)<br \/>\n5. Ciudad Hanse\u00e1tica Libre de Bremen (Bremen)<br \/>\n6. Ciudad Libre y Hanse\u00e1tica de Hamburgo (Hamburgo)<br \/>\n7. Hesse (Wiesbaden)<br \/>\n8. Mecklemburgo-Pomerania Occidental (Schwerin)<br \/>\n9. Baja Sajonia (Hannover)<br \/>\n10. Renania del Norte-Westfalia (Dusseldorf)<br \/>\n11. Renania-Palatinado (Maguncia)<br \/>\n12. Sarre (Saarbr\u00fccken)<br \/>\n13. Sajonia (Dresde)<br \/>\n14. Sajonia-Anhalt (Magdeburgo)<br \/>\n15. Schleswig-Holstein (Kiel)<br \/>\n16\u00ba Estado Libre de Turingia (Erfurt)<\/p>\n","protected":false},"excerpt":{"rendered":"<p>\u00bfPlanea vivir en Alemania o mudarse a Alemania como expatriado, estudiante, trabajar, como AuPair o viajar a Alemania como turista por un per\u00edodo de tiempo m\u00e1s largo? Berl\u00edn, Hamburgo, Stuttgart, M\u00fanich, Colonia y muchas otras ciudades son \u00e1reas de viaje y residenciales muy populares para comenzar una nueva vida. Para dominar bien los primeros pasos, &hellip; <a href=\"https:\/\/hatzak.de\/travel\/es\/\" class=\"more-link\">Continuar leyendo<span class=\"screen-reader-text\"> \u00abMudarse, vivir y viajar a Alemania\u00bb<\/span><\/a><\/p>\n","protected":false},"author":1,"featured_media":0,"parent":0,"menu_order":0,"comment_status":"closed","ping_status":"closed","template":"","meta":{"footnotes":""},"class_list":["post-118","page","type-page","status-publish","hentry"],"_links":{"self":[{"href":"https:\/\/hatzak.de\/travel\/es\/wp-json\/wp\/v2\/pages\/118","targetHints":{"allow":["GET"]}}],"collection":[{"href":"https:\/\/hatzak.de\/travel\/es\/wp-json\/wp\/v2\/pages"}],"about":[{"href":"https:\/\/hatzak.de\/travel\/es\/wp-json\/wp\/v2\/types\/page"}],"author":[{"embeddable":true,"href":"https:\/\/hatzak.de\/travel\/es\/wp-json\/wp\/v2\/users\/1"}],"replies":[{"embeddable":true,"href":"https:\/\/hatzak.de\/travel\/es\/wp-json\/wp\/v2\/comments?post=118"}],"version-history":[{"count":1,"href":"https:\/\/hatzak.de\/travel\/es\/wp-json\/wp\/v2\/pages\/118\/revisions"}],"predecessor-version":[{"id":120,"href":"https:\/\/hatzak.de\/travel\/es\/wp-json\/wp\/v2\/pages\/118\/revisions\/120"}],"wp:attachment":[{"href":"https:\/\/hatzak.de\/travel\/es\/wp-json\/wp\/v2\/media?parent=118"}],"curies":[{"name":"wp","href":"https:\/\/api.w.org\/{rel}","templated":true}]}}