{"id":136,"date":"2018-12-31T18:28:23","date_gmt":"2018-12-31T17:28:23","guid":{"rendered":"https:\/\/hatzak.de\/travel\/?page_id=136"},"modified":"2018-12-31T18:28:23","modified_gmt":"2018-12-31T17:28:23","slug":"liikkuminen-asuminen-ja-matkustaminen-saksaan","status":"publish","type":"page","link":"https:\/\/hatzak.de\/travel\/fi\/","title":{"rendered":"Liikkuminen, asuminen ja matkustaminen Saksaan"},"content":{"rendered":"<p><span class=\"tlid-translation translation\">Aiotteko asua Saksassa tai siirty\u00e4 Saksaan expatina, opiskelijana, ty\u00f6skennell\u00e4, AuPairina tai matkustaa Saksaan matkailijana pidemm\u00e4n aikaa? Berliini, Hampuri, Stuttgart, M\u00fcnchen, K\u00f6ln ja monet muut kaupungit ovat hyvin suosittuja matka- ja asuinalueita uuden el\u00e4m\u00e4n aloittamiseksi. Jotta voit hallita ensimm\u00e4iset vaiheet hyvin, sinun tulee huomioida seuraavat seikat:<\/p>\n<p>1. Avaa verkossa oleva maksutili tai pankkitili Saksassa (maksuton \/ halpa)<br \/>\n2. Etsi asunto \/ talo ja vuokraa \/ osta<br \/>\n3. Asuinpaikan rekister\u00f6inti kaupungintalolla tai paikallisella piirikonttorilla<br \/>\n4. s\u00e4hk\u00f6ntuottaja<br \/>\n5. Kaasun \/ veden toimittaja<br \/>\n6. Puhelin \/ Internet-palveluntarjoaja<br \/>\n7. Matkapuhelinoperaattori<br \/>\n8. T\u00e4rke\u00e4 Saksan vakuutus<br \/>\n(Sairausvakuutus, vastuuvakuutus, tapaturmavakuutus, ulkomainen sairausvakuutus, hammasl\u00e4\u00e4k\u00e4rivakuutus)<br \/>\n9. \u00c4l\u00e4 unohda lopettaa kirkosta \/ uskonnosta, koska maksat 7% kirkon veron muusta protestanttisesta tai katolisesta nimityksest\u00e4<\/p>\n<p>Saksan liittotasavallan liittovaltiot<\/p>\n<p>Saksan liittotasavalta (FRG) on jaettu 16 valtioon. Saksan liittovaltiot ja maakuntien p\u00e4\u00e4kaupunki ovat:<\/p>\n<p>1. Baden-W\u00fcrttemberg (Stuttgart)<br \/>\n2. Baijerin osavaltio (M\u00fcnchen)<br \/>\n3. Berliini (Berliini)<br \/>\n4. Brandenburg (Potsdam)<br \/>\n5. Free Hanseatic Bremenin kaupunki (Bremen)<br \/>\n6. Hampurin vapaa ja hansakaupunki (Hampuri)<br \/>\n7. Hesse (Wiesbaden)<br \/>\n8. Mecklenburg-Western Pomerania (Schwerin)<br \/>\n9. Ala-Saksi (Hannover)<br \/>\n10. Nordrhein-Westfalen (D\u00fcsseldorf)<br \/>\n11. Rheinland-Pfalz (Mainz)<br \/>\n12. Saarland (Saarbr\u00fccken)<br \/>\n13. Saksi (Dresden)<br \/>\n14. Saksi-Anhalt (Magdeburg)<br \/>\n15. Schleswig-Holstein (Kiel)<br \/>\n16. Th\u00fcringenin osavaltio (Erfurt)<\/span><\/p>\n","protected":false},"excerpt":{"rendered":"<p>Aiotteko asua Saksassa tai siirty\u00e4 Saksaan expatina, opiskelijana, ty\u00f6skennell\u00e4, AuPairina tai matkustaa Saksaan matkailijana pidemm\u00e4n aikaa? Berliini, Hampuri, Stuttgart, M\u00fcnchen, K\u00f6ln ja monet muut kaupungit ovat hyvin suosittuja matka- ja asuinalueita uuden el\u00e4m\u00e4n aloittamiseksi. Jotta voit hallita ensimm\u00e4iset vaiheet hyvin, sinun tulee huomioida seuraavat seikat: 1. Avaa verkossa oleva maksutili tai pankkitili Saksassa (maksuton \/ &hellip; <a href=\"https:\/\/hatzak.de\/travel\/fi\/\" class=\"more-link\">Jatka lukemista<span class=\"screen-reader-text\"> &#8221;Liikkuminen, asuminen ja matkustaminen Saksaan&#8221;<\/span><\/a><\/p>\n","protected":false},"author":1,"featured_media":0,"parent":0,"menu_order":0,"comment_status":"closed","ping_status":"closed","template":"","meta":{"footnotes":""},"class_list":["post-136","page","type-page","status-publish","hentry"],"_links":{"self":[{"href":"https:\/\/hatzak.de\/travel\/fi\/wp-json\/wp\/v2\/pages\/136","targetHints":{"allow":["GET"]}}],"collection":[{"href":"https:\/\/hatzak.de\/travel\/fi\/wp-json\/wp\/v2\/pages"}],"about":[{"href":"https:\/\/hatzak.de\/travel\/fi\/wp-json\/wp\/v2\/types\/page"}],"author":[{"embeddable":true,"href":"https:\/\/hatzak.de\/travel\/fi\/wp-json\/wp\/v2\/users\/1"}],"replies":[{"embeddable":true,"href":"https:\/\/hatzak.de\/travel\/fi\/wp-json\/wp\/v2\/comments?post=136"}],"version-history":[{"count":1,"href":"https:\/\/hatzak.de\/travel\/fi\/wp-json\/wp\/v2\/pages\/136\/revisions"}],"predecessor-version":[{"id":137,"href":"https:\/\/hatzak.de\/travel\/fi\/wp-json\/wp\/v2\/pages\/136\/revisions\/137"}],"wp:attachment":[{"href":"https:\/\/hatzak.de\/travel\/fi\/wp-json\/wp\/v2\/media?parent=136"}],"curies":[{"name":"wp","href":"https:\/\/api.w.org\/{rel}","templated":true}]}}