{"id":24,"date":"2018-12-31T13:18:39","date_gmt":"2018-12-31T12:18:39","guid":{"rendered":"https:\/\/hatzak.de\/travel\/?page_id=24"},"modified":"2018-12-31T13:18:39","modified_gmt":"2018-12-31T12:18:39","slug":"comment-ouvrir-un-compte-bancaire-en-allemagne","status":"publish","type":"page","link":"https:\/\/hatzak.de\/travel\/fr\/comment-ouvrir-un-compte-bancaire-en-allemagne\/","title":{"rendered":"Comment ouvrir un compte bancaire en Allemagne"},"content":{"rendered":"<p><span class=\"tlid-translation translation\">Compte bancaire allemand<\/p>\n<p>Compte bancaire en Allemagne L&rsquo;une des choses les plus importantes \u00e0 faire est d&rsquo;ouvrir un compte en banque allemand. Sans compte bancaire allemand, vous ne pouvez pas louer de maison, obtenir un contrat de t\u00e9l\u00e9phonie mobile allemand ou obtenir un contrat Internet. En outre, les employeurs ne transf\u00e8rent g\u00e9n\u00e9ralement leur salaire que sur un compte bancaire allemand. Assurez-vous donc de vous inscrire sur un compte bancaire allemand imm\u00e9diatement apr\u00e8s votre d\u00e9m\u00e9nagement \u00e0 Berlin.<\/p>\n<p>Apr\u00e8s avoir soulign\u00e9 l\u2019importance de l\u2019ouverture d\u2019un compte bancaire allemand, vous devez tenir compte de certains \u00e9l\u00e9ments avant de vous inscrire aupr\u00e8s d\u2019une banque sp\u00e9cifique.<br \/>\nP\u00e9nurie de guichets automatiques<\/p>\n<p>Berlin et d\u2019autres grandes villes allemandes souffrent d\u2019une grave p\u00e9nurie de distributeurs automatiques de billets. Cela signifie que si vous vous inscrivez pour la mauvaise banque, vous pourriez avoir \u00e0 payer des frais tr\u00e8s \u00e9lev\u00e9s lorsque vous retirez de l\u2019argent \u00e0 un guichet automatique autre que votre banque.<\/p>\n<p>Ces taux peuvent varier en fonction de la banque \u00e0 laquelle appartient le guichet automatique. Mais vous pouvez \u00eatre s\u00fbr que les frais de retrait d\u2019argent d\u2019un guichet automatique autre que celui de votre banque peuvent atteindre 5 \u20ac par retrait.<br \/>\nCompte bancaire avec carte EC<\/p>\n<p>Si vous n&rsquo;aimez pas l&rsquo;id\u00e9e de transporter beaucoup d&rsquo;argent avec vous, une carte EC sera utile. Vous pouvez payer presque partout avec votre carte EC en Allemagne, des restaurants aux supermarch\u00e9s.<br \/>\nCompte bancaire avec carte de cr\u00e9dit.<\/p>\n<p>Les cartes de cr\u00e9dit ne sont pas aussi accept\u00e9es qu&rsquo;aux \u00c9tats-Unis, par exemple. Vous constaterez t\u00f4t ou tard que la plupart des restaurants n&rsquo;acceptent pas les cartes de cr\u00e9dit, surtout \u00e0 Berlin.<\/p>\n<p>Cependant, une carte de cr\u00e9dit peut \u00eatre utile \u00e0 certains moments, lorsque vous devez payer quelque chose en ligne ou lorsque vous n&rsquo;avez pas assez d&rsquo;argent dans votre compte d&rsquo;\u00e9pargne.<\/p>\n<p>La plupart des banques allemandes vous proposent une carte de cr\u00e9dit lors de l&rsquo;ouverture d&rsquo;un compte bancaire, mais faites attention aux int\u00e9r\u00eats que vous devez payer en cas de d\u00e9couvert. Cela varie \u00e9galement d&rsquo;une banque \u00e0 l&rsquo;autre.<\/p>\n<p>Trouvez la meilleure banque en Allemagne<\/p>\n<p>Il y a litt\u00e9ralement des milliers de banques en Allemagne parmi lesquelles vous pouvez choisir, toutes parler de toutes prendrait trop de temps.<\/p>\n<p>C&rsquo;est pourquoi vous n&rsquo;\u00e9couterez que les meilleures options pour vous.<\/p>\n<p>N26 &#8211; La banque mobile<\/p>\n<p>Vous pouvez maintenant ouvrir le compte bancaire le plus moderne avec N26. Alors que la plupart des banques allemandes semblent encore bloqu\u00e9es au XXe si\u00e8cle (nombreux papiers, sites physiques avec de longues files d&rsquo;attente, uniquement en allemand, etc.), la N26 propose des services bancaires sur votre smartphone et votre ordinateur.<\/p>\n<p>L&rsquo;enregistrement aupr\u00e8s de N26 peut s&rsquo;effectuer enti\u00e8rement en ligne et sans envoi de documents. En outre, il ne faut pas plus de 10 minutes pour suivre l&rsquo;int\u00e9gralit\u00e9 du processus d&rsquo;inscription.<\/p>\n<p>Oh, oui, et un grand avantage est que tout le processus est \u00e9galement en anglais (\u00e9galement en espagnol, fran\u00e7ais et italien). C&rsquo;est une chose \u00e9norme, car nous savons que le combat avec d&rsquo;autres banques et leur processus d&rsquo;enregistrement sont compl\u00e8tement allemands.<\/p>\n<p>De plus, l&rsquo;ouverture d&rsquo;un compte bancaire N26 est enti\u00e8rement gratuite et comprend une carte Maestro et une carte de cr\u00e9dit MasterCard gratuites.<\/p>\n<p>Et pour couronner le tout, vous pouvez retirer de l\u2019argent gratuit<\/p>\n<p>N&rsquo;importe quel guichet automatique en Allemagne jusqu&rsquo;\u00e0 5 fois par mois (puisque presque tout le monde est admissible \u00e0 la politique d&rsquo;utilisation \u00e9quitable)<br \/>\nTout guichet automatique en dehors de l&rsquo;Allemagne aussi souvent que vous le souhaitez<br \/>\nJusqu&rsquo;\u00e0 7 000 magasins de d\u00e9tail pour la fr\u00e9quence souhait\u00e9e.<\/p>\n<p>Honn\u00eatement, la N26 en ce moment est une excellente option pour tous les \u00e9trangers (car elle offre tous les services \u00e9galement en anglais), ainsi que pour les Allemands.<\/p>\n<p>L&rsquo;interface et l&rsquo;application mobile sont bien meilleures que toutes les autres banques que nous avons vues jusqu&rsquo;\u00e0 pr\u00e9sent et les conditions sont vraiment imbattables. De plus, l&rsquo;ensemble du processus d&rsquo;inscription est en ligne et en anglais.<\/span><\/p>\n<p>&nbsp;<\/p>\n<p><span class=\"tlid-translation translation\">DKB &#8211; Deutsche Kredit Bank<\/p>\n<p>DKB est de loin la meilleure banque allemande si vous \u00eates \u00e0 l&rsquo;aise avec toutes vos op\u00e9rations bancaires en ligne.<\/p>\n<p>DKB: Deutsche Kredit Bank pr\u00e9sente certains avantages exceptionnels que les autres banques traditionnelles ne proposent pas. Avec les services bancaires en ligne DKB, vous pouvez obtenir de l\u2019argent \u00e0 partir de n\u2019importe quel guichet automatique, quelle que soit l\u2019entreprise.<\/p>\n<p>Rappelez-vous le probl\u00e8me, qu&rsquo;il n&rsquo;y a pas beaucoup de guichets automatiques \u00e0 Berlin? Lorsque vous vous inscrivez pour une carte de cr\u00e9dit avec DKB Cash, vous ne rencontrez pas ce probl\u00e8me.<\/p>\n<p>Et mieux encore, peu importe o\u00f9 dans le monde vous devez retirer de l&rsquo;argent d&rsquo;un guichet automatique, ce sera toujours gratuit.<\/p>\n<p>Donc, si vous pr\u00e9voyez de voyager en Europe, c&rsquo;est la meilleure option pour vous. DKB Cash vous donnera \u00e9galement une carte \u00e9lectronique qui vous sera utile lorsque vous ne souhaitez pas payer en esp\u00e8ces.<\/p>\n<p>Rappelez-vous le probl\u00e8me, les cartes de cr\u00e9dit ne sont pas accept\u00e9es partout.<\/p>\n<p>Apr\u00e8s avoir soulign\u00e9 tous les avantages, gardez \u00e0 l\u2019esprit que DKB est une banque en ligne et que vous ne pouvez pas entrer dans l\u2019une de ses succursales si vous avez un probl\u00e8me.<\/p>\n<p>Cela dit, vous pouvez toujours les appeler ou \u00e9crire un courrier \u00e9lectronique pour obtenir de l&rsquo;aide. Ils ont un num\u00e9ro d&rsquo;urgence 24\/7 qui vous aidera avec tout probl\u00e8me qui pourrait survenir.<br \/>\nComdirect<\/p>\n<p>Tr\u00e8s semblable \u00e0 la DKB, Comdirect propose \u00e9galement une carte de cr\u00e9dit Visa gratuite et est uniquement en ligne.<\/p>\n<p>Il n&rsquo;y a pas d&rsquo;agence Comdirect en Allemagne, mais cela ne vous posera aucun probl\u00e8me, car la carte de cr\u00e9dit Visa vous permet \u00e9galement de retirer de l&rsquo;argent sur toutes les machines en Allemagne et \u00e0 l&rsquo;\u00e9tranger.<\/span><\/p>\n","protected":false},"excerpt":{"rendered":"<p>Compte bancaire allemand Compte bancaire en Allemagne L&rsquo;une des choses les plus importantes \u00e0 faire est d&rsquo;ouvrir un compte en banque allemand. Sans compte bancaire allemand, vous ne pouvez pas louer de maison, obtenir un contrat de t\u00e9l\u00e9phonie mobile allemand ou obtenir un contrat Internet. En outre, les employeurs ne transf\u00e8rent g\u00e9n\u00e9ralement leur salaire que &hellip; <a href=\"https:\/\/hatzak.de\/travel\/fr\/comment-ouvrir-un-compte-bancaire-en-allemagne\/\" class=\"more-link\">Continuer la lecture<span class=\"screen-reader-text\"> de &laquo;&nbsp;Comment ouvrir un compte bancaire en Allemagne&nbsp;&raquo;<\/span><\/a><\/p>\n","protected":false},"author":1,"featured_media":0,"parent":0,"menu_order":0,"comment_status":"closed","ping_status":"closed","template":"","meta":{"footnotes":""},"class_list":["post-24","page","type-page","status-publish","hentry"],"_links":{"self":[{"href":"https:\/\/hatzak.de\/travel\/fr\/wp-json\/wp\/v2\/pages\/24","targetHints":{"allow":["GET"]}}],"collection":[{"href":"https:\/\/hatzak.de\/travel\/fr\/wp-json\/wp\/v2\/pages"}],"about":[{"href":"https:\/\/hatzak.de\/travel\/fr\/wp-json\/wp\/v2\/types\/page"}],"author":[{"embeddable":true,"href":"https:\/\/hatzak.de\/travel\/fr\/wp-json\/wp\/v2\/users\/1"}],"replies":[{"embeddable":true,"href":"https:\/\/hatzak.de\/travel\/fr\/wp-json\/wp\/v2\/comments?post=24"}],"version-history":[{"count":1,"href":"https:\/\/hatzak.de\/travel\/fr\/wp-json\/wp\/v2\/pages\/24\/revisions"}],"predecessor-version":[{"id":25,"href":"https:\/\/hatzak.de\/travel\/fr\/wp-json\/wp\/v2\/pages\/24\/revisions\/25"}],"wp:attachment":[{"href":"https:\/\/hatzak.de\/travel\/fr\/wp-json\/wp\/v2\/media?parent=24"}],"curies":[{"name":"wp","href":"https:\/\/api.w.org\/{rel}","templated":true}]}}