{"id":86,"date":"2018-12-31T18:08:43","date_gmt":"2018-12-31T17:08:43","guid":{"rendered":"https:\/\/hatzak.de\/travel\/?page_id=86"},"modified":"2018-12-31T18:09:02","modified_gmt":"2018-12-31T17:09:02","slug":"se-deplacer-vivre-et-voyager-en-allemagne","status":"publish","type":"page","link":"https:\/\/hatzak.de\/travel\/fr\/","title":{"rendered":"Se d\u00e9placer, vivre et voyager en Allemagne"},"content":{"rendered":"<p><span class=\"tlid-translation translation\">Envisagez-vous de vivre en Allemagne ou de d\u00e9m\u00e9nager en Allemagne en tant qu&rsquo;expatri\u00e9, \u00e9tudiant, de travailler, en tant que jeune au pair ou de vous rendre en Allemagne en tant que touriste pour une plus longue p\u00e9riode? Berlin, Hambourg, Stuttgart, Munich, Cologne et de nombreuses autres villes sont des zones de voyage et de r\u00e9sidence tr\u00e8s populaires pour commencer une nouvelle vie. Pour bien ma\u00eetriser les premiers pas, notez les points suivants:<\/span><\/p>\n<p>1. Ouvrir un <a href=\"https:\/\/hatzak.de\/travel\/fr\/comment-ouvrir-un-compte-bancaire-en-allemagne\/\">compte courant en ligne ou un compte bancaire en Allemagne<\/a> (gratuit \/ pas cher)<br \/>\n2. Trouver un appartement \/ maison et louer \/ acheter<br \/>\n3. Enregistrement de votre domicile \u00e0 la mairie ou au bureau de district<br \/>\n4. fournisseur d&rsquo;\u00e9lectricit\u00e9<br \/>\n5. fournisseur de gaz \/ eau<br \/>\n6. fournisseur de t\u00e9l\u00e9phone \/ Internet<br \/>\n7. Op\u00e9rateur de t\u00e9l\u00e9phonie mobile<br \/>\n8. Assurance allemande importante<br \/>\n(Assurance maladie, assurance responsabilit\u00e9, assurance accident, assurance sant\u00e9 \u00e9trang\u00e8re, assurance dentaire)<br \/>\n9. N&rsquo;oubliez pas de quitter l&rsquo;\u00e9glise \/ la religion parce que vous payez 7% de taxe d&rsquo;\u00e9glise pour une d\u00e9nomination protestante ou catholique<\/p>\n<p>\u00c9tats f\u00e9d\u00e9r\u00e9s de la R\u00e9publique f\u00e9d\u00e9rale d&rsquo;Allemagne<\/p>\n<p>La R\u00e9publique f\u00e9d\u00e9rale d\u2019Allemagne (RFA) est divis\u00e9e en 16 \u00c9tats f\u00e9d\u00e9raux. Les \u00e9tats f\u00e9d\u00e9raux et la capitale de la province allemande sont:<\/p>\n<p>1. Bade-Wurtemberg (Stuttgart)<br \/>\n2. \u00c9tat libre de Bavi\u00e8re (Munich)<br \/>\n3. Berlin (Berlin)<br \/>\n4. Brandebourg (Potsdam)<br \/>\n5. Ville hans\u00e9atique libre de Br\u00eame (Br\u00eame)<br \/>\n6. Ville hans\u00e9atique et libre de Hambourg (Hambourg)<br \/>\n7. Hesse (Wiesbaden)<br \/>\n8. Mecklembourg-Pom\u00e9ranie occidentale (Schwerin)<br \/>\n9. Basse-Saxe (Hanovre)<br \/>\n10. Rh\u00e9nanie du Nord-Westphalie (D\u00fcsseldorf)<br \/>\n11. Rh\u00e9nanie-Palatinat (Mayence)<br \/>\n12. Sarre (Sarrebruck)<br \/>\n13. Saxe (Dresde)<br \/>\n14. Saxe-Anhalt (Magdebourg)<br \/>\n15. Schleswig-Holstein (Kiel)<br \/>\n16. Etat libre de Thuringe (Erfurt)<\/p>\n","protected":false},"excerpt":{"rendered":"<p>Envisagez-vous de vivre en Allemagne ou de d\u00e9m\u00e9nager en Allemagne en tant qu&rsquo;expatri\u00e9, \u00e9tudiant, de travailler, en tant que jeune au pair ou de vous rendre en Allemagne en tant que touriste pour une plus longue p\u00e9riode? Berlin, Hambourg, Stuttgart, Munich, Cologne et de nombreuses autres villes sont des zones de voyage et de r\u00e9sidence &hellip; <a href=\"https:\/\/hatzak.de\/travel\/fr\/\" class=\"more-link\">Continuer la lecture<span class=\"screen-reader-text\"> de &laquo;&nbsp;Se d\u00e9placer, vivre et voyager en Allemagne&nbsp;&raquo;<\/span><\/a><\/p>\n","protected":false},"author":1,"featured_media":0,"parent":0,"menu_order":0,"comment_status":"closed","ping_status":"closed","template":"","meta":{"footnotes":""},"class_list":["post-86","page","type-page","status-publish","hentry"],"_links":{"self":[{"href":"https:\/\/hatzak.de\/travel\/fr\/wp-json\/wp\/v2\/pages\/86","targetHints":{"allow":["GET"]}}],"collection":[{"href":"https:\/\/hatzak.de\/travel\/fr\/wp-json\/wp\/v2\/pages"}],"about":[{"href":"https:\/\/hatzak.de\/travel\/fr\/wp-json\/wp\/v2\/types\/page"}],"author":[{"embeddable":true,"href":"https:\/\/hatzak.de\/travel\/fr\/wp-json\/wp\/v2\/users\/1"}],"replies":[{"embeddable":true,"href":"https:\/\/hatzak.de\/travel\/fr\/wp-json\/wp\/v2\/comments?post=86"}],"version-history":[{"count":1,"href":"https:\/\/hatzak.de\/travel\/fr\/wp-json\/wp\/v2\/pages\/86\/revisions"}],"predecessor-version":[{"id":88,"href":"https:\/\/hatzak.de\/travel\/fr\/wp-json\/wp\/v2\/pages\/86\/revisions\/88"}],"wp:attachment":[{"href":"https:\/\/hatzak.de\/travel\/fr\/wp-json\/wp\/v2\/media?parent=86"}],"curies":[{"name":"wp","href":"https:\/\/api.w.org\/{rel}","templated":true}]}}