{"id":78,"date":"2018-12-31T17:58:11","date_gmt":"2018-12-31T16:58:11","guid":{"rendered":"https:\/\/hatzak.de\/travel\/?page_id=78"},"modified":"2018-12-31T17:58:11","modified_gmt":"2018-12-31T16:58:11","slug":"krece-se-zivi-i-putuje-u-njemacku","status":"publish","type":"page","link":"https:\/\/hatzak.de\/travel\/hr\/","title":{"rendered":"Kre\u0107e se, \u017eivi i putuje u Njema\u010dku"},"content":{"rendered":"<p><span class=\"tlid-translation translation\">Planirate li \u017eivjeti u Njema\u010dkoj ili se preseliti u Njema\u010dku kao iseljenik, student, na posao, kao Au Pair ili putovati u Njema\u010dku kao turist na du\u017ei vremenski period? Berlin, Hamburg, Stuttgart, M\u00fcnchen, K\u00f6ln i mnogi drugi gradovi vrlo su popularna putovanja i stambena podru\u010dja za po\u010detak novog \u017eivota. Da biste uspje\u0161no savladali prve korake, imajte na umu sljede\u0107e to\u010dke:<\/p>\n<p>Otvori <a href=\"https:\/\/hatzak.de\/travel\/hr\/otvaranje-bankovnog-racuna-u-njemackoj\/\">online teku\u0107i ra\u010dun ili bankovni ra\u010dun u Njema\u010dkoj<\/a> (besplatno \/ niske cijene)<br \/>\nProna\u0111ite stan \/ ku\u0107u i iznajmite \/ kupite<br \/>\nRegistracija va\u0161eg prebivali\u0161ta u gradskoj vije\u0107nici ili lokalnom okru\u017enom uredu<br \/>\nDobavlja\u010d elektri\u010dne energije<br \/>\nDobavlja\u010d plina \/ vode<br \/>\nDavatelj telefonskih \/ internetskih usluga<br \/>\nDavatelj mobilnih usluga<br \/>\nVa\u017eno njema\u010dko osiguranje<br \/>\n(Zdravstveno osiguranje, osiguranje od odgovornosti, osiguranje od nezgode, zdravstveno osiguranje u inozemstvu, osiguranje u zubima)<br \/>\nNe zaboravite napustiti crkvu \/ religiju jer pla\u0107ate 7% crkvenog poreza za evan\u0111eosku ili katoli\u010dku denominaciju<\/p>\n<p>Savezne dr\u017eave Savezne Republike Njema\u010dke<\/p>\n<p>Savezna Republika Njema\u010dka (FRG) podijeljena je na 16 federalnih dr\u017eava. Savezne dr\u017eave i glavni grad pokrajine su:<\/p>\n<p>Baden-W\u00fcrttemberg (Stuttgart)<br \/>\nBavarska (M\u00fcnchen)<br \/>\nBerlin (Berlin)<br \/>\nBrandenburg (Potsdam)<br \/>\nSlobodni Hanzeatski grad Bremen (Bremen)<br \/>\nSlobodan i hanzatski grad Hamburg (Hamburg)<br \/>\nHesse (Wiesbaden)<br \/>\nMecklenburg-Zapadno Pomorje (Schwerin)<br \/>\nDonja Saska (Hannover))<br \/>\nSjeverna Rajna-Vestfalija (Dusseldorf)<br \/>\nRheinland-Pfalz (Mainz)<br \/>\nSaarland (Saarbr\u00fccken)<br \/>\nSaska (Dresden)<br \/>\nSaksonija-Anhalt (Magdeburg)<br \/>\nSchleswig-Holstein (Kiel)<br \/>\nTiringija (Erfurt)<\/span><\/p>\n","protected":false},"excerpt":{"rendered":"<p>Planirate li \u017eivjeti u Njema\u010dkoj ili se preseliti u Njema\u010dku kao iseljenik, student, na posao, kao Au Pair ili putovati u Njema\u010dku kao turist na du\u017ei vremenski period? Berlin, Hamburg, Stuttgart, M\u00fcnchen, K\u00f6ln i mnogi drugi gradovi vrlo su popularna putovanja i stambena podru\u010dja za po\u010detak novog \u017eivota. Da biste uspje\u0161no savladali prve korake, imajte &hellip; <a href=\"https:\/\/hatzak.de\/travel\/hr\/\" class=\"more-link\">Nastavi \u010ditati<span class=\"screen-reader-text\"> &#8220;Kre\u0107e se, \u017eivi i putuje u Njema\u010dku&#8221;<\/span><\/a><\/p>\n","protected":false},"author":1,"featured_media":0,"parent":0,"menu_order":0,"comment_status":"closed","ping_status":"closed","template":"","meta":{"footnotes":""},"class_list":["post-78","page","type-page","status-publish","hentry"],"_links":{"self":[{"href":"https:\/\/hatzak.de\/travel\/hr\/wp-json\/wp\/v2\/pages\/78","targetHints":{"allow":["GET"]}}],"collection":[{"href":"https:\/\/hatzak.de\/travel\/hr\/wp-json\/wp\/v2\/pages"}],"about":[{"href":"https:\/\/hatzak.de\/travel\/hr\/wp-json\/wp\/v2\/types\/page"}],"author":[{"embeddable":true,"href":"https:\/\/hatzak.de\/travel\/hr\/wp-json\/wp\/v2\/users\/1"}],"replies":[{"embeddable":true,"href":"https:\/\/hatzak.de\/travel\/hr\/wp-json\/wp\/v2\/comments?post=78"}],"version-history":[{"count":1,"href":"https:\/\/hatzak.de\/travel\/hr\/wp-json\/wp\/v2\/pages\/78\/revisions"}],"predecessor-version":[{"id":79,"href":"https:\/\/hatzak.de\/travel\/hr\/wp-json\/wp\/v2\/pages\/78\/revisions\/79"}],"wp:attachment":[{"href":"https:\/\/hatzak.de\/travel\/hr\/wp-json\/wp\/v2\/media?parent=78"}],"curies":[{"name":"wp","href":"https:\/\/api.w.org\/{rel}","templated":true}]}}