{"id":97,"date":"2018-12-31T18:13:38","date_gmt":"2018-12-31T17:13:38","guid":{"rendered":"https:\/\/hatzak.de\/travel\/?page_id=97"},"modified":"2018-12-31T18:13:38","modified_gmt":"2018-12-31T17:13:38","slug":"mozgas-eletvitel-es-utazas-nemetorszagba","status":"publish","type":"page","link":"https:\/\/hatzak.de\/travel\/hu\/","title":{"rendered":"Mozg\u00e1s, \u00e9letvitel \u00e9s utaz\u00e1s N\u00e9metorsz\u00e1gba"},"content":{"rendered":"<p><span class=\"tlid-translation translation\">N\u00e9metorsz\u00e1gban szeretne \u00e9lni, vagy N\u00e9metorsz\u00e1gba k\u00fclf\u00f6ld\u00f6n, di\u00e1kk\u00e9nt, munkak\u00e9nt, AuPairk\u00e9nt utazni, vagy hosszabb ideig utazni N\u00e9metorsz\u00e1gba mint turista? Berlin, Hamburg, Stuttgart, M\u00fcnchen, K\u00f6ln \u00e9s sok m\u00e1s v\u00e1ros nagyon n\u00e9pszer\u0171 utaz\u00e1si \u00e9s lak\u00f3\u00f6vezet, hogy \u00faj \u00e9letet kezdjenek. Az els\u0151 l\u00e9p\u00e9sek j\u00f3l elsaj\u00e1t\u00edt\u00e1s\u00e1hoz vegye figyelembe a k\u00f6vetkez\u0151 pontokat:<\/p>\n<p>1. Nyissa meg az online foly\u00f3sz\u00e1ml\u00e1t vagy banksz\u00e1ml\u00e1t N\u00e9metorsz\u00e1gban (ingyenes \/ olcs\u00f3)<br \/>\n2. Keressen lak\u00e1st \/ h\u00e1zat \u00e9s b\u00e9reljen \/ v\u00e1s\u00e1roljon<br \/>\n3. Lak\u00f3hely\u00e9nek nyilv\u00e1ntart\u00e1sa a v\u00e1rosh\u00e1z\u00e1n vagy a helyi ker\u00fcletben<br \/>\n4. villamosenergia-szolg\u00e1ltat\u00f3<br \/>\n5. G\u00e1z \/ v\u00edzszolg\u00e1ltat\u00f3<br \/>\n6. Telefon \/ Internet szolg\u00e1ltat\u00f3<br \/>\n7. Mobiltelefon-szolg\u00e1ltat\u00f3<br \/>\n8. Fontos n\u00e9met biztos\u00edt\u00e1s<br \/>\n(Eg\u00e9szs\u00e9gbiztos\u00edt\u00e1s, felel\u0151ss\u00e9gbiztos\u00edt\u00e1s, balesetbiztos\u00edt\u00e1s, k\u00fclf\u00f6ldi eg\u00e9szs\u00e9gbiztos\u00edt\u00e1s, fog\u00e1szati \u200b\u200bbiztos\u00edt\u00e1s)<br \/>\n9. Ne felejtsd el kil\u00e9pni az egyh\u00e1zb\u00f3l vagy a vall\u00e1sb\u00f3l, mert 7% -os egyh\u00e1zi ad\u00f3t fizetsz a protest\u00e1ns vagy katolikus felekezet\u00e9rt<\/p>\n<p>A N\u00e9metorsz\u00e1gi Sz\u00f6vets\u00e9gi K\u00f6zt\u00e1rsas\u00e1g sz\u00f6vets\u00e9gi \u00e1llamai<\/p>\n<p>A N\u00e9metorsz\u00e1gi Sz\u00f6vets\u00e9gi K\u00f6zt\u00e1rsas\u00e1g (FRG) 16 sz\u00f6vets\u00e9gi \u00e1llamra oszlik. N\u00e9metorsz\u00e1g sz\u00f6vets\u00e9gi \u00e1llamai \u00e9s tartom\u00e1nyi f\u0151v\u00e1rosa:<\/p>\n<p>1. Baden-W\u00fcrttemberg (Stuttgart)<br \/>\n2. Bajororsz\u00e1g szabads\u00e1ga (M\u00fcnchen)<br \/>\n3. Berlin (Berlin)<br \/>\n4. Brandenburg (Potsdam)<br \/>\n5. Br\u00e9ma szabad Hanza v\u00e1rosa (Br\u00e9ma)<br \/>\n6. Hamburg szabad \u00e9s Hanseatic v\u00e1rosa (Hamburg)<br \/>\n7. Hesse (Wiesbaden)<br \/>\n8. Mecklenburg-Pomer\u00e1nia (Schwerin)<br \/>\n9. Als\u00f3-Sz\u00e1szorsz\u00e1g (Hannover)<br \/>\n10. \u00c9szak-Rajna \u2013 Vesztf\u00e1lia (D\u00fcsseldorf)<br \/>\n11. Rajna-vid\u00e9k-Pfalz (Mainz)<br \/>\n12. Saarland (Saarbr\u00fccken)<br \/>\n13. Sz\u00e1szorsz\u00e1g (Drezda)<br \/>\n14. Sz\u00e1sz-Anhalt (Magdeburg)<br \/>\n15. Schleswig-Holstein (Kiel)<br \/>\n<\/span><span class=\"tlid-translation translation\">16. T\u00fcringia szabads\u00e1ga (Erfurt)<\/span><\/p>\n","protected":false},"excerpt":{"rendered":"<p>N\u00e9metorsz\u00e1gban szeretne \u00e9lni, vagy N\u00e9metorsz\u00e1gba k\u00fclf\u00f6ld\u00f6n, di\u00e1kk\u00e9nt, munkak\u00e9nt, AuPairk\u00e9nt utazni, vagy hosszabb ideig utazni N\u00e9metorsz\u00e1gba mint turista? Berlin, Hamburg, Stuttgart, M\u00fcnchen, K\u00f6ln \u00e9s sok m\u00e1s v\u00e1ros nagyon n\u00e9pszer\u0171 utaz\u00e1si \u00e9s lak\u00f3\u00f6vezet, hogy \u00faj \u00e9letet kezdjenek. Az els\u0151 l\u00e9p\u00e9sek j\u00f3l elsaj\u00e1t\u00edt\u00e1s\u00e1hoz vegye figyelembe a k\u00f6vetkez\u0151 pontokat: 1. Nyissa meg az online foly\u00f3sz\u00e1ml\u00e1t vagy banksz\u00e1ml\u00e1t N\u00e9metorsz\u00e1gban (ingyenes &hellip; <a href=\"https:\/\/hatzak.de\/travel\/hu\/\" class=\"more-link\"><span class=\"screen-reader-text\">&#8222;Mozg\u00e1s, \u00e9letvitel \u00e9s utaz\u00e1s N\u00e9metorsz\u00e1gba&#8221;<\/span> b\u0151vebben<\/a><\/p>\n","protected":false},"author":1,"featured_media":0,"parent":0,"menu_order":0,"comment_status":"closed","ping_status":"closed","template":"","meta":{"footnotes":""},"class_list":["post-97","page","type-page","status-publish","hentry"],"_links":{"self":[{"href":"https:\/\/hatzak.de\/travel\/hu\/wp-json\/wp\/v2\/pages\/97","targetHints":{"allow":["GET"]}}],"collection":[{"href":"https:\/\/hatzak.de\/travel\/hu\/wp-json\/wp\/v2\/pages"}],"about":[{"href":"https:\/\/hatzak.de\/travel\/hu\/wp-json\/wp\/v2\/types\/page"}],"author":[{"embeddable":true,"href":"https:\/\/hatzak.de\/travel\/hu\/wp-json\/wp\/v2\/users\/1"}],"replies":[{"embeddable":true,"href":"https:\/\/hatzak.de\/travel\/hu\/wp-json\/wp\/v2\/comments?post=97"}],"version-history":[{"count":1,"href":"https:\/\/hatzak.de\/travel\/hu\/wp-json\/wp\/v2\/pages\/97\/revisions"}],"predecessor-version":[{"id":98,"href":"https:\/\/hatzak.de\/travel\/hu\/wp-json\/wp\/v2\/pages\/97\/revisions\/98"}],"wp:attachment":[{"href":"https:\/\/hatzak.de\/travel\/hu\/wp-json\/wp\/v2\/media?parent=97"}],"curies":[{"name":"wp","href":"https:\/\/api.w.org\/{rel}","templated":true}]}}