{"id":138,"date":"2018-12-31T18:28:51","date_gmt":"2018-12-31T17:28:51","guid":{"rendered":"https:\/\/hatzak.de\/travel\/?page_id=138"},"modified":"2018-12-31T18:28:51","modified_gmt":"2018-12-31T17:28:51","slug":"flytja-bua-og-ferdast-til-thyskalands","status":"publish","type":"page","link":"https:\/\/hatzak.de\/travel\/is\/","title":{"rendered":"Flytja, b\u00faa og fer\u00f0ast til \u00de\u00fdskalands"},"content":{"rendered":"<p><span class=\"tlid-translation translation\">\u00de\u00fa \u00fearft a\u00f0 lifa \u00e1 \u00ed \u00de\u00fdskalandi e\u00f0a fara eins expat, nemandi, til a\u00f0 starfa sem au par til \u00de\u00fdskalands e\u00f0a til a\u00f0 fer\u00f0ast sem fer\u00f0ama\u00f0ur \u00ed langan t\u00edma til \u00de\u00fdskalands? Berlin, Hamburg, Stuttgart, Munchen, K\u00f6ln og margar a\u00f0rar borgir eru mj\u00f6g vins\u00e6lar \u00ed Nonnah\u00fasi og bygg\u00f0akjarna til n\u00fds l\u00edfs. Til a\u00f0 n\u00e1 g\u00f3\u00f0um t\u00f6kum \u00e1 fyrstu skrefin vel \u00e6ttir \u00fe\u00fa a\u00f0 hafa \u00ed huga eftirfarandi atri\u00f0i:<\/p>\n<p>1. Online st\u00f6\u00f0va reikningur e\u00f0a bankareikning \u00ed \u00de\u00fdskalandi opnum (\u00f3keypis \/ \u00f3d\u00fdr)<br \/>\n2. Finndu \u00edb\u00fa\u00f0 \/ h\u00fas og leig\u00f0u \/ kaupa<br \/>\n3. Skr\u00e1ning \u00e1 heimili \u00fe\u00ednu \u00ed r\u00e1\u00f0h\u00fasinu e\u00f0a sveitarstj\u00f3rnarskrifstofunni<br \/>\n4. rafmagnst\u00e6ki<br \/>\n5. Gas \/ vatnsveitur<br \/>\n6. S\u00edmi \/ \u00dej\u00f3nustuveitan<br \/>\n7. Fars\u00edmafyrirt\u00e6ki<br \/>\n8. Mikilv\u00e6g \u00fe\u00fdsk trygging<br \/>\n(Sj\u00fakratrygging, \u00e1byrg\u00f0artryggingu, slysatryggingu, sj\u00fakratryggingu, tann tryggingar)<br \/>\n9. Ekki gleyma a\u00f0 kirkjan \/ tr\u00fa h\u00e6tta vegna \u00feess a\u00f0 \u00fe\u00fa grei\u00f0ir annan 7% skattur \u00e1 kirkju m\u00f3tm\u00e6lenda e\u00f0a Ka\u00fe\u00f3lskur<\/p>\n<p>Sambandsl\u00fd\u00f0veldi Sambandsl\u00fd\u00f0veldisins \u00de\u00fdskalands<\/p>\n<p>Sambandsl\u00fd\u00f0veldi\u00f0 \u00de\u00fdskaland (FRG) er skipt \u00ed 16 r\u00edkjum. \u00dej\u00f3\u00f0r\u00edki \u00de\u00fdskalands og Provincial h\u00f6fu\u00f0borg eru:<\/p>\n<p>1. Baden-W\u00fcrttemberg (Stuttgart)<br \/>\n2. Free State of Bavaria (Munchen)<br \/>\n3. Berl\u00edn (Berl\u00edn)<br \/>\n4. Brandenburg (Potsdam)<br \/>\n5. Hanseatic City of Bremen (Bremen)<br \/>\n6. Frj\u00e1ls og Hansaborg \u00ed Hamborg (Hamburg)<br \/>\n7. Hesse (Wiesbaden)<br \/>\n8. Mecklenburg-Vestur Pomeran\u00eda (Schwerin)<br \/>\n9. Ne\u00f0ra-Saxland (Hanover)<br \/>\n10. Nor\u00f0urr\u00edn-Westfalen (Dusseldorf)<br \/>\n11. Rheinland-Pfalz (Mainz)<br \/>\n12. Saarland (Saarbr\u00fccken)<br \/>\n13. Saxland (Dresden)<br \/>\n14. Saxony-Anhalt (Magdeburg)<br \/>\n15. Schleswig-Holstein (Kiel)<br \/>\n16. Fri\u00f0ur Th\u00fcringen (Erfurt)<\/span><\/p>\n","protected":false},"excerpt":{"rendered":"<p>\u00de\u00fa \u00fearft a\u00f0 lifa \u00e1 \u00ed \u00de\u00fdskalandi e\u00f0a fara eins expat, nemandi, til a\u00f0 starfa sem au par til \u00de\u00fdskalands e\u00f0a til a\u00f0 fer\u00f0ast sem fer\u00f0ama\u00f0ur \u00ed langan t\u00edma til \u00de\u00fdskalands? Berlin, Hamburg, Stuttgart, Munchen, K\u00f6ln og margar a\u00f0rar borgir eru mj\u00f6g vins\u00e6lar \u00ed Nonnah\u00fasi og bygg\u00f0akjarna til n\u00fds l\u00edfs. Til a\u00f0 n\u00e1 g\u00f3\u00f0um t\u00f6kum &hellip; <a href=\"https:\/\/hatzak.de\/travel\/is\/\" class=\"more-link\">Lesa \u00e1fram<span class=\"screen-reader-text\"> &#8222;Flytja, b\u00faa og fer\u00f0ast til \u00de\u00fdskalands&#8220;<\/span><\/a><\/p>\n","protected":false},"author":1,"featured_media":0,"parent":0,"menu_order":0,"comment_status":"closed","ping_status":"closed","template":"","meta":{"footnotes":""},"class_list":["post-138","page","type-page","status-publish","hentry"],"_links":{"self":[{"href":"https:\/\/hatzak.de\/travel\/is\/wp-json\/wp\/v2\/pages\/138","targetHints":{"allow":["GET"]}}],"collection":[{"href":"https:\/\/hatzak.de\/travel\/is\/wp-json\/wp\/v2\/pages"}],"about":[{"href":"https:\/\/hatzak.de\/travel\/is\/wp-json\/wp\/v2\/types\/page"}],"author":[{"embeddable":true,"href":"https:\/\/hatzak.de\/travel\/is\/wp-json\/wp\/v2\/users\/1"}],"replies":[{"embeddable":true,"href":"https:\/\/hatzak.de\/travel\/is\/wp-json\/wp\/v2\/comments?post=138"}],"version-history":[{"count":1,"href":"https:\/\/hatzak.de\/travel\/is\/wp-json\/wp\/v2\/pages\/138\/revisions"}],"predecessor-version":[{"id":139,"href":"https:\/\/hatzak.de\/travel\/is\/wp-json\/wp\/v2\/pages\/138\/revisions\/139"}],"wp:attachment":[{"href":"https:\/\/hatzak.de\/travel\/is\/wp-json\/wp\/v2\/media?parent=138"}],"curies":[{"name":"wp","href":"https:\/\/api.w.org\/{rel}","templated":true}]}}