{"id":49,"date":"2018-12-31T13:49:48","date_gmt":"2018-12-31T12:49:48","guid":{"rendered":"https:\/\/hatzak.de\/travel\/?page_id=49"},"modified":"2018-12-31T13:50:01","modified_gmt":"2018-12-31T12:50:01","slug":"come-aprire-un-conto-bancario-in-germania","status":"publish","type":"page","link":"https:\/\/hatzak.de\/travel\/it\/come-aprire-un-conto-bancario-in-germania\/","title":{"rendered":"Come aprire un conto bancario in Germania"},"content":{"rendered":"<p>Conto bancario tedesco<\/p>\n<p>Conto bancario Germania Una delle cose pi\u00f9 importanti che dovresti fare \u00e8 aprire un conto bancario tedesco. Senza un conto bancario tedesco, non \u00e8 possibile affittare una casa, ottenere un contratto mobile tedesco o ottenere un contratto Internet. Inoltre, in genere i datori di lavoro trasferiscono il loro salario guadagnato su un conto bancario tedesco, quindi assicurati di registrarti su un conto bancario tedesco subito dopo esserti trasferito a Berlino.<\/p>\n<p>Dopo aver sottolineato l&#8217;importanza di aprire un conto bancario tedesco, ci sono alcune cose che dovresti prendere in considerazione prima di registrarti presso una banca specifica.<br \/>\nCarenza di sportelli automatici<\/p>\n<p>Berlino e altre importanti citt\u00e0 tedesche hanno una grave carenza di bancomat. Ci\u00f2 significa che se ti iscrivi alla banca sbagliata, potresti pagare commissioni molto alte quando ritiri denaro da un bancomat diverso dalla tua banca.<\/p>\n<p>Queste tariffe possono variare in base alla banca a cui appartiene lo sportello automatico. Ma puoi essere sicuro che la tariffa per prelevare denaro da un bancomat che non \u00e8 della tua banca pu\u00f2 arrivare a 5 \u20ac per prelievo.<br \/>\nConto bancario con carta EC<\/p>\n<p>Se non ti piace l&#8217;idea di portare un sacco di soldi con te, allora una carta EC sar\u00e0 utile. Puoi pagare quasi ovunque con la tua carta EC in Germania, dai ristoranti ai supermercati.<br \/>\nConto bancario con carta di credito.<\/p>\n<p>Le carte di credito non sono accettate cos\u00ec come sono, ad esempio, negli Stati Uniti. Soprattutto a Berlino, prima o poi capiter\u00e0 che la maggior parte dei ristoranti non accetta carte di credito.<\/p>\n<p>Tuttavia, una carta di credito pu\u00f2 essere utile a volte, quando devi pagare qualcosa online o quando non hai abbastanza soldi nel tuo conto di risparmio.<\/p>\n<p>La maggior parte delle banche tedesche ti offrir\u00e0 una carta di credito all&#8217;apertura di un conto bancario, ma fai attenzione agli interessi che devi pagare quando ti trovi in \u200b\u200buno scoperto. Anche questo varia da una banca all&#8217;altra.<\/p>\n<p>Trova la migliore banca in Germania<\/p>\n<p>Ci sono letteralmente migliaia di banche diverse in Germania tra cui \u00e8 possibile scegliere, parlando di tutti ci vorrebbe troppo tempo.<\/p>\n<p>Questo \u00e8 il motivo per cui ascolterai solo le migliori opzioni per te.<\/p>\n<p>N26 &#8211; La Banca mobile<\/p>\n<p>Ora puoi aprire il conto bancario pi\u00f9 moderno con N26. Mentre la maggior parte delle banche tedesche sembrano rimanere bloccate nel ventesimo secolo (molti documenti, luoghi fisici con lunghe code, solo in tedesco, ecc.), L&#8217;N26 offre servizi bancari allo smartphone e al computer.<\/p>\n<p>La registrazione con N26 pu\u00f2 essere eseguita completamente online e senza inviare documenti. Inoltre, non occorrono pi\u00f9 di 10 minuti per completare l&#8217;intera procedura di registrazione.<\/p>\n<p>Oh, s\u00ec, e un grande vantaggio \u00e8 che l&#8217;intero processo \u00e8 anche in inglese (anche in spagnolo, francese e italiano). Questa \u00e8 una cosa enorme, dal momento che conosciamo la lotta con altre banche e il loro processo di registrazione completamente tedesco.<\/p>\n<p>Inoltre, l&#8217;apertura di un conto bancario N26 \u00e8 completamente gratuita e include una carta Maestro gratuita e una carta di credito MasterCard gratuita.<\/p>\n<p>E per finire, puoi portare denaro gratis<\/p>\n<p>Qualsiasi sportello bancomat in Germania fino a 5 volte al mese (poich\u00e9 quasi tutti si qualificano per la politica di utilizzo corretto)<br \/>\nQualsiasi sportello bancomat al di fuori della Germania tutte le volte che vuoi<br \/>\nFino a 7.000 negozi al dettaglio per la frequenza desiderata.<\/p>\n<p>Onestamente, l&#8217;N26 in questo momento \u00e8 un&#8217;opzione eccellente per tutti gli stranieri (dato che offre tutti i servizi anche in inglese), cos\u00ec come per i tedeschi.<\/p>\n<p>L&#8217;interfaccia e l&#8217;applicazione mobile sono molto meglio di qualsiasi altra banca che abbiamo visto finora e le condizioni sono davvero imbattibili. Inoltre, l&#8217;intera procedura di registrazione \u00e8 online e in inglese.<\/p>\n<p><span class=\"tlid-translation translation\">DKB &#8211; Deutsche Kredit Bank<\/span><\/p>\n<p>DKB \u00e8 di gran lunga la migliore banca tedesca, se ti senti a tuo agio a fare tutto il tuo banking online.<\/p>\n<p>DKB: Deutsche Kredit Bank ha alcuni vantaggi eccezionali che altre banche tradizionali non offrono. Con DKB online banking, \u00e8 possibile ottenere denaro da qualsiasi ATM senza alcun costo, indipendentemente dalla compagnia.<\/p>\n<p>Ricorda il problema, che a Berlino non ci sono molti bancomat? Quando ti registri una carta di credito con DKB Cash, non avrai affatto questo problema.<\/p>\n<p>E ancora meglio, non importa in quale parte del mondo sia necessario prelevare denaro da un bancomat, sar\u00e0 sempre gratuito.<\/p>\n<p>Quindi se hai intenzione di viaggiare in Europa, questa \u00e8 l&#8217;opzione migliore per te. DKB Cash ti dar\u00e0 anche una carta elettronica che ti sar\u00e0 utile quando non vuoi pagare in contanti.<\/p>\n<p>Ricorda ancora il problema, che le carte di credito non sono accettate ovunque.<\/p>\n<p>Dopo aver ricordato tutti i vantaggi, si noti che DKB \u00e8 una banca online e non pu\u00f2 entrare in uno dei suoi rami, se avete qualche problema.<\/p>\n<p>Detto questo, puoi sempre chiamarli o scrivere un&#8217;email per qualsiasi aiuto. Hanno un numero di emergenza 24 ore su 24, 7 giorni su 7, che ti aiuter\u00e0 a risolvere qualsiasi problema.<br \/>\ncomdirect<\/p>\n<p>Molto simile a DKB, Comdirect offre anche una carta di credito Visa gratuita ed \u00e8 solo online.<\/p>\n<p>Comdirect non filiali in Germania, ma questo non sar\u00e0 un problema per voi, dal momento che Visa carta di credito permette anche di prelevare denaro in qualsiasi macchina in Germania e all&#8217;estero.<\/p>\n","protected":false},"excerpt":{"rendered":"<p>Conto bancario tedesco Conto bancario Germania Una delle cose pi\u00f9 importanti che dovresti fare \u00e8 aprire un conto bancario tedesco. Senza un conto bancario tedesco, non \u00e8 possibile affittare una casa, ottenere un contratto mobile tedesco o ottenere un contratto Internet. Inoltre, in genere i datori di lavoro trasferiscono il loro salario guadagnato su un &hellip; <a href=\"https:\/\/hatzak.de\/travel\/it\/come-aprire-un-conto-bancario-in-germania\/\" class=\"more-link\">Leggi tutto<span class=\"screen-reader-text\"> &#8220;Come aprire un conto bancario in Germania&#8221;<\/span><\/a><\/p>\n","protected":false},"author":1,"featured_media":0,"parent":0,"menu_order":0,"comment_status":"closed","ping_status":"closed","template":"","meta":{"footnotes":""},"class_list":["post-49","page","type-page","status-publish","hentry"],"_links":{"self":[{"href":"https:\/\/hatzak.de\/travel\/it\/wp-json\/wp\/v2\/pages\/49","targetHints":{"allow":["GET"]}}],"collection":[{"href":"https:\/\/hatzak.de\/travel\/it\/wp-json\/wp\/v2\/pages"}],"about":[{"href":"https:\/\/hatzak.de\/travel\/it\/wp-json\/wp\/v2\/types\/page"}],"author":[{"embeddable":true,"href":"https:\/\/hatzak.de\/travel\/it\/wp-json\/wp\/v2\/users\/1"}],"replies":[{"embeddable":true,"href":"https:\/\/hatzak.de\/travel\/it\/wp-json\/wp\/v2\/comments?post=49"}],"version-history":[{"count":3,"href":"https:\/\/hatzak.de\/travel\/it\/wp-json\/wp\/v2\/pages\/49\/revisions"}],"predecessor-version":[{"id":52,"href":"https:\/\/hatzak.de\/travel\/it\/wp-json\/wp\/v2\/pages\/49\/revisions\/52"}],"wp:attachment":[{"href":"https:\/\/hatzak.de\/travel\/it\/wp-json\/wp\/v2\/media?parent=49"}],"curies":[{"name":"wp","href":"https:\/\/api.w.org\/{rel}","templated":true}]}}