{"id":105,"date":"2018-12-31T18:16:54","date_gmt":"2018-12-31T17:16:54","guid":{"rendered":"https:\/\/hatzak.de\/travel\/?page_id=105"},"modified":"2018-12-31T18:16:54","modified_gmt":"2018-12-31T17:16:54","slug":"judejimas-gyvenimas-ir-kelione-i-vokietija","status":"publish","type":"page","link":"https:\/\/hatzak.de\/travel\/lt\/","title":{"rendered":"Jud\u0117jimas, gyvenimas ir kelion\u0117 \u012f Vokietij\u0105"},"content":{"rendered":"<p><span class=\"tlid-translation translation\">Ar planuojate gyventi Vokietijoje arba persikelti \u012f Vokietij\u0105 kaip u\u017esienietis, studentas, dirbti, kaip \u201eAuPair\u201c arba ilgesn\u012f laik\u0105 keliauti \u012f Vokietij\u0105 kaip turistas? Berlynas, Hamburgas, \u0160tutgartas, Miunchenas, Kelnas ir daugelis kit\u0173 miest\u0173 yra labai populiar\u016bs kelion\u0117s ir gyvenamieji rajonai, kad gal\u0117t\u0173 prad\u0117ti nauj\u0105 gyvenim\u0105. Nor\u0117dami gerai valdyti pirmuosius veiksmus, tur\u0117tum\u0117te atkreipti d\u0117mes\u012f \u012f \u0161iuos dalykus:<\/p>\n<p>1. Atidarykite internetin\u0119 einam\u0105j\u0105 s\u0105skait\u0105 ar banko s\u0105skait\u0105 Vokietijoje (nemokamai \/ pigiai)<br \/>\n2. Rasti but\u0105 \/ nam\u0105 ir i\u0161sinuomoti \/ pirkti<br \/>\n3. J\u016bs\u0173 nuolatin\u0117s gyvenamosios vietos registracija miesto rotu\u0161\u0117je arba vietiniame rajono biure<br \/>\n4. elektros energijos tiek\u0117jas<br \/>\n5. Duj\u0173 \/ vandens tiek\u0117jas<br \/>\n6. Telefonas \/ interneto teik\u0117jas<br \/>\n7. Mobiliojo ry\u0161io paslaug\u0173 teik\u0117jas<br \/>\n8. Svarbus Vokietijos draudimas<br \/>\n(Sveikatos draudimas, atsakomyb\u0117s draudimas, draudimas nuo nelaiming\u0173 atsitikim\u0173, u\u017esienio sveikatos draudimas, dant\u0173 draudimas)<br \/>\n9. Nepamir\u0161kite i\u0161eiti i\u0161 ba\u017eny\u010dios \/ religijos, nes mokate 7% ba\u017eny\u010dios mokest\u012f kitaip u\u017e protestant\u0173 ar katalik\u0173 vardus<\/p>\n<p>Vokietijos Federacin\u0117s Respublikos federalin\u0117s valstyb\u0117s<\/p>\n<p>Vokietijos Federacin\u0117 Respublika (FRG) yra padalyta \u012f 16 federalini\u0173 valstybi\u0173. Vokietijos federalin\u0117s valstyb\u0117s ir provincijos sostin\u0117 yra:<\/p>\n<p>1. Badenas-Viurtembergas (\u0160tutgartas)<br \/>\n2. Bavarijos valstija (Miunchenas)<br \/>\n3. Berlynas (Berlynas)<br \/>\n4. Brandenburgas (Potsdamas)<br \/>\n5. Laisvas Hanzos miestas Br\u0117mene (Br\u0117menas)<br \/>\n6. Laisvas ir Hanzos miestas (Hamburgas)<br \/>\n7. Hesenas (Vysbadenas)<br \/>\n8. Meklenburgo-Vakar\u0173 Pomeranija (\u0160verinas)<br \/>\n9. \u017demutin\u0117 Saksonija (Hanoveris)<br \/>\n10. \u0160iaur\u0117s Reinas-Vestfalija (Diuseldorfas)<br \/>\n11. Reino kra\u0161tas-Pfalcas (Maincas)<br \/>\n12. Saro kra\u0161tas (Sarbriukenas)<br \/>\n13. Saksonija (Dresdenas)<br \/>\n14. Saksonija-Anhaltas (Magdeburgas)<br \/>\n15. \u0160l\u0117zvigas-Hol\u0161teinas (Kylis)<br \/>\n16. Tiuringijos valstija (Erfurtas)<\/span><\/p>\n","protected":false},"excerpt":{"rendered":"<p>Ar planuojate gyventi Vokietijoje arba persikelti \u012f Vokietij\u0105 kaip u\u017esienietis, studentas, dirbti, kaip \u201eAuPair\u201c arba ilgesn\u012f laik\u0105 keliauti \u012f Vokietij\u0105 kaip turistas? Berlynas, Hamburgas, \u0160tutgartas, Miunchenas, Kelnas ir daugelis kit\u0173 miest\u0173 yra labai populiar\u016bs kelion\u0117s ir gyvenamieji rajonai, kad gal\u0117t\u0173 prad\u0117ti nauj\u0105 gyvenim\u0105. Nor\u0117dami gerai valdyti pirmuosius veiksmus, tur\u0117tum\u0117te atkreipti d\u0117mes\u012f \u012f \u0161iuos dalykus: 1. &hellip; <a href=\"https:\/\/hatzak.de\/travel\/lt\/\" class=\"more-link\">Toliau skaityti<span class=\"screen-reader-text\"> &#8222;Jud\u0117jimas, gyvenimas ir kelion\u0117 \u012f Vokietij\u0105&#8221;<\/span><\/a><\/p>\n","protected":false},"author":1,"featured_media":0,"parent":0,"menu_order":0,"comment_status":"closed","ping_status":"closed","template":"","meta":{"footnotes":""},"class_list":["post-105","page","type-page","status-publish","hentry"],"_links":{"self":[{"href":"https:\/\/hatzak.de\/travel\/lt\/wp-json\/wp\/v2\/pages\/105","targetHints":{"allow":["GET"]}}],"collection":[{"href":"https:\/\/hatzak.de\/travel\/lt\/wp-json\/wp\/v2\/pages"}],"about":[{"href":"https:\/\/hatzak.de\/travel\/lt\/wp-json\/wp\/v2\/types\/page"}],"author":[{"embeddable":true,"href":"https:\/\/hatzak.de\/travel\/lt\/wp-json\/wp\/v2\/users\/1"}],"replies":[{"embeddable":true,"href":"https:\/\/hatzak.de\/travel\/lt\/wp-json\/wp\/v2\/comments?post=105"}],"version-history":[{"count":1,"href":"https:\/\/hatzak.de\/travel\/lt\/wp-json\/wp\/v2\/pages\/105\/revisions"}],"predecessor-version":[{"id":106,"href":"https:\/\/hatzak.de\/travel\/lt\/wp-json\/wp\/v2\/pages\/105\/revisions\/106"}],"wp:attachment":[{"href":"https:\/\/hatzak.de\/travel\/lt\/wp-json\/wp\/v2\/media?parent=105"}],"curies":[{"name":"wp","href":"https:\/\/api.w.org\/{rel}","templated":true}]}}