{"id":109,"date":"2018-12-31T18:18:42","date_gmt":"2018-12-31T17:18:42","guid":{"rendered":"https:\/\/hatzak.de\/travel\/?page_id=109"},"modified":"2018-12-31T18:18:58","modified_gmt":"2018-12-31T17:18:58","slug":"przeprowadzka-zycie-i-podrozowanie-do-niemiec","status":"publish","type":"page","link":"https:\/\/hatzak.de\/travel\/pl\/","title":{"rendered":"Przeprowadzka, \u017cycie i podr\u00f3\u017cowanie do Niemiec"},"content":{"rendered":"<p><span class=\"tlid-translation translation\">Czy planujesz mieszka\u0107 w Niemczech lub przenie\u015b\u0107 si\u0119 do Niemiec jako emigrant, student, do pracy, jako AuPair lub do podr\u00f3\u017cy do Niemiec jako turysta przez d\u0142u\u017cszy okres czasu? Berlin, Hamburg, Stuttgart, Monachium, Kolonia i wiele innych miast jest bardzo popularnym miejscem podr\u00f3\u017cy i zamieszkania, aby rozpocz\u0105\u0107 nowe \u017cycie. Aby dobrze opanowa\u0107 pierwsze kroki, powiniene\u015b zwr\u00f3ci\u0107 uwag\u0119 na nast\u0119puj\u0105ce punkty:<\/span><\/p>\n<p>1. Otw\u00f3rz <a href=\"https:\/\/hatzak.de\/travel\/pl\/jak-otworzyc-konto-bankowe-w-niemczech\/\">rachunek bie\u017c\u0105cy lub konto bankowe w Niemczech<\/a> (bezp\u0142atnie \/ tanio)<br \/>\n2. Znajd\u017a mieszkanie \/ dom i wynajmij \/ kup<br \/>\n3. Rejestracja miejsca zamieszkania w urz\u0119dzie miejskim lub biurze powiatowym<br \/>\nCzwarty dostawca energii elektrycznej<br \/>\n5. Dostawca gazu \/ wody<br \/>\n6. Dostawca telefoniczny \/ internetowy<br \/>\n7. Dostawca telefonu kom\u00f3rkowego<br \/>\n8. Wa\u017cne niemieckie ubezpieczenie<br \/>\n(Ubezpieczenie zdrowotne, ubezpieczenie od odpowiedzialno\u015bci cywilnej, ubezpieczenie wypadkowe, zagraniczne ubezpieczenie zdrowotne, ubezpieczenie stomatologiczne)<br \/>\n9. Nie zapomnij zrezygnowa\u0107 z ko\u015bcio\u0142a \/ religii, poniewa\u017c p\u0142acisz 7% podatku ko\u015bcielnego, inaczej ni\u017c za wyznanie protestanckie lub katolickie<\/p>\n<p>Kraje zwi\u0105zkowe Republiki Federalnej Niemiec<\/p>\n<p>Republika Federalna Niemiec (RFN) jest podzielona na 16 kraj\u00f3w zwi\u0105zkowych. Niemieckie landy i stolica prowincji to:<\/p>\n<p>1. Badenia-Wirtembergia (Stuttgart)<br \/>\n2. Wolne Pa\u0144stwo Bawarii (Monachium)<br \/>\n3. Berlin (Berlin)<br \/>\n4. Brandenburg (Potsdam)<br \/>\n5. Wolne hanzeatyckie miasto Brema (Bremen)<br \/>\n6. Wolne i hanzeatyckie miasto Hamburg (Hamburg)<br \/>\n7. Hesse (Wiesbaden)<br \/>\n8. Meklemburgia-Pomorze Przednie (Schwerin)<br \/>\n9. Dolna Saksonia (Hanower)<br \/>\n10. Nadrenia P\u00f3\u0142nocna-Westfalia (Dusseldorf)<br \/>\n11. Nadrenia-Palatynat (Moguncja)<br \/>\n12. Saarland (Saarbr\u00fccken)<br \/>\n13. Saksonia (Drezno)<br \/>\n14. Saksonia-Anhalt (Magdeburg)<br \/>\n15. Schleswig-Holstein (Kilonia)<br \/>\n16. Wolne Pa\u0144stwo Turyngia (Erfurt)<\/p>\n","protected":false},"excerpt":{"rendered":"<p>Czy planujesz mieszka\u0107 w Niemczech lub przenie\u015b\u0107 si\u0119 do Niemiec jako emigrant, student, do pracy, jako AuPair lub do podr\u00f3\u017cy do Niemiec jako turysta przez d\u0142u\u017cszy okres czasu? Berlin, Hamburg, Stuttgart, Monachium, Kolonia i wiele innych miast jest bardzo popularnym miejscem podr\u00f3\u017cy i zamieszkania, aby rozpocz\u0105\u0107 nowe \u017cycie. Aby dobrze opanowa\u0107 pierwsze kroki, powiniene\u015b zwr\u00f3ci\u0107 &hellip; <a href=\"https:\/\/hatzak.de\/travel\/pl\/\" class=\"more-link\">Czytaj dalej<span class=\"screen-reader-text\"> \u201ePrzeprowadzka, \u017cycie i podr\u00f3\u017cowanie do Niemiec\u201d<\/span><\/a><\/p>\n","protected":false},"author":1,"featured_media":0,"parent":0,"menu_order":0,"comment_status":"closed","ping_status":"closed","template":"","meta":{"footnotes":""},"class_list":["post-109","page","type-page","status-publish","hentry"],"_links":{"self":[{"href":"https:\/\/hatzak.de\/travel\/pl\/wp-json\/wp\/v2\/pages\/109","targetHints":{"allow":["GET"]}}],"collection":[{"href":"https:\/\/hatzak.de\/travel\/pl\/wp-json\/wp\/v2\/pages"}],"about":[{"href":"https:\/\/hatzak.de\/travel\/pl\/wp-json\/wp\/v2\/types\/page"}],"author":[{"embeddable":true,"href":"https:\/\/hatzak.de\/travel\/pl\/wp-json\/wp\/v2\/users\/1"}],"replies":[{"embeddable":true,"href":"https:\/\/hatzak.de\/travel\/pl\/wp-json\/wp\/v2\/comments?post=109"}],"version-history":[{"count":1,"href":"https:\/\/hatzak.de\/travel\/pl\/wp-json\/wp\/v2\/pages\/109\/revisions"}],"predecessor-version":[{"id":111,"href":"https:\/\/hatzak.de\/travel\/pl\/wp-json\/wp\/v2\/pages\/109\/revisions\/111"}],"wp:attachment":[{"href":"https:\/\/hatzak.de\/travel\/pl\/wp-json\/wp\/v2\/media?parent=109"}],"curies":[{"name":"wp","href":"https:\/\/api.w.org\/{rel}","templated":true}]}}