{"id":28,"date":"2018-12-31T13:20:45","date_gmt":"2018-12-31T12:20:45","guid":{"rendered":"https:\/\/hatzak.de\/travel\/?page_id=28"},"modified":"2021-12-23T18:00:55","modified_gmt":"2021-12-23T17:00:55","slug":"jak-otworzyc-konto-bankowe-w-niemczech","status":"publish","type":"page","link":"https:\/\/hatzak.de\/travel\/pl\/jak-otworzyc-konto-bankowe-w-niemczech\/","title":{"rendered":"Jak otworzy\u0107 konto bankowe w Niemczech"},"content":{"rendered":"<p><span class=\"tlid-translation translation\">Niemieckie konto bankowe<\/span><\/p>\n<p>Konto bankowe Niemcy Jedn\u0105 z najwa\u017cniejszych rzeczy, kt\u00f3re powiniene\u015b zrobi\u0107, jest otwarcie niemieckiego konta bankowego. Bez niemieckiego konta bankowego nie mo\u017cna wynaj\u0105\u0107 domu, uzyska\u0107 niemieckiej umowy mobilnej ani uzyska\u0107 umowy internetowej. Ponadto pracodawcy zazwyczaj przenosz\u0105 zarobione zarobki na niemiecki rachunek bankowy, dlatego nale\u017cy zarejestrowa\u0107 si\u0119 na niemieckim rachunku bankowym natychmiast po przeprowadzce do Berlina.<\/p>\n<ul>\n<li><a href=\"https:\/\/wise.prf.hn\/click\/camref:1101lkWCT\" target=\"_blank\" rel=\"noopener\"><span class=\"VIiyi\" lang=\"en\"><span class=\"JLqJ4b ChMk0b\" data-language-for-alternatives=\"en\" data-language-to-translate-into=\"de\" data-phrase-index=\"0\" data-number-of-phrases=\"1\"><span class=\"VIiyi\" lang=\"pl\">4x ta\u0144sze konto mi\u0119dzynarodowe od WISE<\/span> <\/span><\/span><\/a><\/li>\n<\/ul>\n<p>Po wskazaniu znaczenia otwarcia niemieckiego konta bankowego, przed rejestracj\u0105 w konkretnym banku nale\u017cy rozwa\u017cy\u0107 kilka rzeczy.<br \/>\nBrak bankomat\u00f3w<\/p>\n<p>Berlin i inne du\u017ce niemieckie miasta maj\u0105 powa\u017cny niedob\u00f3r bankomat\u00f3w. Oznacza to, \u017ce je\u015bli zarejestrujesz si\u0119 w z\u0142ym banku, mo\u017cesz zap\u0142aci\u0107 naprawd\u0119 wysokie op\u0142aty, gdy wyp\u0142acisz pieni\u0105dze z bankomatu innego ni\u017c bank.<\/p>\n<p>Stawki te mog\u0105 si\u0119 r\u00f3\u017cni\u0107 w zale\u017cno\u015bci od banku, do kt\u00f3rego nale\u017cy bankomat. Ale mo\u017cesz mie\u0107 pewno\u015b\u0107, \u017ce op\u0142ata za wyp\u0142at\u0119 pieni\u0119dzy z bankomatu, kt\u00f3ry nie pochodzi z twojego banku, mo\u017ce wynosi\u0107 nawet 5 \u20ac za wyp\u0142at\u0119.<br \/>\nKonto bankowe z kart\u0105 EC<\/p>\n<p>Je\u015bli nie podoba ci si\u0119 pomys\u0142 noszenia ze sob\u0105 du\u017cej ilo\u015bci got\u00f3wki, przyda Ci si\u0119 karta EC. Niemal wsz\u0119dzie mo\u017cna p\u0142aci\u0107 kart\u0105 EC w Niemczech, od restauracji po supermarkety.<br \/>\nKonto bankowe z kart\u0105 kredytow\u0105.<\/p>\n<p>Karty kredytowe nie s\u0105 tak akceptowane, jak na przyk\u0142ad w Stanach Zjednoczonych. Zw\u0142aszcza w Berlinie bardziej ni\u017c p\u00f3\u017aniej poczujesz, \u017ce wi\u0119kszo\u015b\u0107 restauracji nie akceptuje kart kredytowych.<\/p>\n<p>Jednak karta kredytowa mo\u017ce by\u0107 przydatna w czasach, gdy musisz zap\u0142aci\u0107 co\u015b online lub gdy nie masz wystarczaj\u0105cej ilo\u015bci pieni\u0119dzy na swoim koncie oszcz\u0119dno\u015bciowym.<\/p>\n<p>Wi\u0119kszo\u015b\u0107 bank\u00f3w niemieckich oferuje kart\u0119 kredytow\u0105 podczas otwierania rachunku bankowego, ale nale\u017cy zachowa\u0107 ostro\u017cno\u015b\u0107 przy oprocentowaniu, kt\u00f3re trzeba zap\u0142aci\u0107 w przypadku przekroczenia salda debetowego. R\u00f3\u017cni si\u0119 to tak\u017ce w zale\u017cno\u015bci od banku.<\/p>\n<p>Znajd\u017a najlepszy bank w Niemczech<\/p>\n<p>Istniej\u0105 dos\u0142ownie tysi\u0105ce r\u00f3\u017cnych bank\u00f3w w Niemczech, spo\u015br\u00f3d kt\u00f3rych mo\u017cna wybra\u0107, m\u00f3wienie o nich wszystkich zaj\u0119\u0142oby zbyt du\u017co czasu.<\/p>\n<p>Dlatego b\u0119dziesz s\u0142ucha\u0107 tylko najlepszych opcji dla siebie.<\/p>\n<p>N26 &#8211; The Mobile Bank<\/p>\n<p>Teraz mo\u017cesz otworzy\u0107 najnowocze\u015bniejsze konto bankowe za pomoc\u0105 N26. Podczas gdy wi\u0119kszo\u015b\u0107 niemieckich bank\u00f3w nadal wydaje si\u0119 utkn\u0105\u0107 w XX wieku (wiele dokument\u00f3w, fizyczne lokalizacje z d\u0142ugimi kolejkami, tylko w j\u0119zyku niemieckim, itp.), N26 oferuje us\u0142ugi bankowe na smartfona i komputer.<\/p>\n<p>Rejestracja w N26 mo\u017ce odbywa\u0107 si\u0119 ca\u0142kowicie online i bez wysy\u0142ania jakichkolwiek dokument\u00f3w. Ponadto ca\u0142y proces rejestracji trwa nie d\u0142u\u017cej ni\u017c 10 minut.<\/p>\n<p>Aha, i wielk\u0105 zalet\u0105 jest to, \u017ce ca\u0142y proces odbywa si\u0119 r\u00f3wnie\u017c w j\u0119zyku angielskim (r\u00f3wnie\u017c w j\u0119zyku hiszpa\u0144skim, francuskim i w\u0142oskim). To wielka rzecz, poniewa\u017c wiemy, \u017ce walka z innymi bankami i ich proces rejestracji s\u0105 ca\u0142kowicie niemieckie.<\/p>\n<p>Ponadto otwarcie konta bankowego N26 jest ca\u0142kowicie bezp\u0142atne i obejmuje bezp\u0142atn\u0105 kart\u0119 Maestro oraz bezp\u0142atn\u0105 kart\u0119 kredytow\u0105 MasterCard.<\/p>\n<p>A na dodatek mo\u017cesz wzi\u0105\u0107 darmow\u0105 got\u00f3wk\u0119<\/p>\n<p>Dowolny bankomat w Niemczech do 5 razy w miesi\u0105cu (poniewa\u017c prawie ka\u017cdy kwalifikuje si\u0119 do zasad dozwolonego u\u017cytku)<br \/>\nDowolny bankomat poza Niemcami tak cz\u0119sto, jak chcesz<br \/>\nDo 7 000 sklep\u00f3w detalicznych o po\u017c\u0105danej cz\u0119stotliwo\u015bci.<\/p>\n<p>Szczerze m\u00f3wi\u0105c, N26 w tym czasie jest doskona\u0142\u0105 opcj\u0105 dla wszystkich obcokrajowc\u00f3w (poniewa\u017c oferuje wszystkie us\u0142ugi r\u00f3wnie\u017c w j\u0119zyku angielskim), a tak\u017ce dla Niemc\u00f3w.<\/p>\n<p>Interfejs i aplikacja mobilna s\u0105 znacznie lepsze ni\u017c jakikolwiek inny bank, jaki dot\u0105d widzieli\u015bmy, a warunki s\u0105 naprawd\u0119 nie do pokonania. Ponadto ca\u0142y proces rejestracji odbywa si\u0119 online i po angielsku.<\/p>\n<p>&nbsp;<\/p>\n<p><span class=\"tlid-translation translation\">DKB &#8211; Deutsche Kredit Bank<\/span><\/p>\n<p>DKB jest zdecydowanie najlepszym niemieckim bankiem, je\u015bli czujesz si\u0119 komfortowo, robi\u0105c ca\u0142\u0105 swoj\u0105 bankowo\u015b\u0107 online.<\/p>\n<p>DKB: Deutsche Kredit Bank ma pewne zalety, kt\u00f3rych nie oferuj\u0105 inne tradycyjne banki. Dzi\u0119ki bankowo\u015bci internetowej DKB mo\u017cesz uzyska\u0107 got\u00f3wk\u0119 z dowolnego bankomatu bez \u017cadnych op\u0142at, niezale\u017cnie od firmy.<\/p>\n<p>Pami\u0119tasz problem, \u017ce w Berlinie nie ma wielu bankomat\u00f3w? Kiedy rejestrujesz si\u0119 w DKB Cash na kart\u0119 kredytow\u0105, w og\u00f3le nie b\u0119dziesz mie\u0107 tego problemu.<\/p>\n<p>A jeszcze lepiej, bez wzgl\u0119du na to, gdzie na \u015bwiecie trzeba wyp\u0142aca\u0107 pieni\u0105dze z bankomatu, zawsze b\u0119dzie za darmo.<\/p>\n<p>Je\u015bli wi\u0119c planujesz podr\u00f3\u017cowa\u0107 po Europie, jest to najlepsza opcja dla Ciebie. DKB Cash dostarczy r\u00f3wnie\u017c kart\u0119 elektroniczn\u0105, kt\u00f3ra przyda si\u0119, gdy nie chcesz p\u0142aci\u0107 got\u00f3wk\u0105.<\/p>\n<p>Jeszcze raz pami\u0119taj, \u017ce karty kredytowe nie s\u0105 wsz\u0119dzie akceptowane.<\/p>\n<p>Po wskazaniu wszystkich zalet pami\u0119taj, \u017ce DKB jest bankiem internetowym i nie mo\u017cesz wej\u015b\u0107 do jednej z jego oddzia\u0142\u00f3w, je\u015bli masz problem.<\/p>\n<p>Mimo to zawsze mo\u017cesz do nich zadzwoni\u0107 lub napisa\u0107 e-mail, aby uzyska\u0107 pomoc. Maj\u0105 numer alarmowy 24 godziny na dob\u0119, 7 dni w tygodniu, kt\u00f3ry pomo\u017ce ci rozwi\u0105za\u0107 ka\u017cdy problem.<br \/>\nComdirect<\/p>\n<p>Podobnie jak DKB, Comdirect oferuje tak\u017ce bezp\u0142atn\u0105 kart\u0119 kredytow\u0105 Visa i jest tylko online.<\/p>\n<p>Nie ma oddzia\u0142\u00f3w Comdirect w Niemczech, ale nie b\u0119dzie to dla ciebie problemem, poniewa\u017c karta kredytowa Visa pozwala r\u00f3wnie\u017c na wyp\u0142acanie pieni\u0119dzy na dowolnej maszynie w Niemczech i za granic\u0105.<\/p>\n","protected":false},"excerpt":{"rendered":"<p>Niemieckie konto bankowe Konto bankowe Niemcy Jedn\u0105 z najwa\u017cniejszych rzeczy, kt\u00f3re powiniene\u015b zrobi\u0107, jest otwarcie niemieckiego konta bankowego. Bez niemieckiego konta bankowego nie mo\u017cna wynaj\u0105\u0107 domu, uzyska\u0107 niemieckiej umowy mobilnej ani uzyska\u0107 umowy internetowej. Ponadto pracodawcy zazwyczaj przenosz\u0105 zarobione zarobki na niemiecki rachunek bankowy, dlatego nale\u017cy zarejestrowa\u0107 si\u0119 na niemieckim rachunku bankowym natychmiast po przeprowadzce &hellip; <a href=\"https:\/\/hatzak.de\/travel\/pl\/jak-otworzyc-konto-bankowe-w-niemczech\/\" class=\"more-link\">Czytaj dalej<span class=\"screen-reader-text\"> \u201eJak otworzy\u0107 konto bankowe w Niemczech\u201d<\/span><\/a><\/p>\n","protected":false},"author":1,"featured_media":0,"parent":0,"menu_order":0,"comment_status":"closed","ping_status":"closed","template":"","meta":{"footnotes":""},"class_list":["post-28","page","type-page","status-publish","hentry"],"_links":{"self":[{"href":"https:\/\/hatzak.de\/travel\/pl\/wp-json\/wp\/v2\/pages\/28","targetHints":{"allow":["GET"]}}],"collection":[{"href":"https:\/\/hatzak.de\/travel\/pl\/wp-json\/wp\/v2\/pages"}],"about":[{"href":"https:\/\/hatzak.de\/travel\/pl\/wp-json\/wp\/v2\/types\/page"}],"author":[{"embeddable":true,"href":"https:\/\/hatzak.de\/travel\/pl\/wp-json\/wp\/v2\/users\/1"}],"replies":[{"embeddable":true,"href":"https:\/\/hatzak.de\/travel\/pl\/wp-json\/wp\/v2\/comments?post=28"}],"version-history":[{"count":1,"href":"https:\/\/hatzak.de\/travel\/pl\/wp-json\/wp\/v2\/pages\/28\/revisions"}],"predecessor-version":[{"id":648,"href":"https:\/\/hatzak.de\/travel\/pl\/wp-json\/wp\/v2\/pages\/28\/revisions\/648"}],"wp:attachment":[{"href":"https:\/\/hatzak.de\/travel\/pl\/wp-json\/wp\/v2\/media?parent=28"}],"curies":[{"name":"wp","href":"https:\/\/api.w.org\/{rel}","templated":true}]}}