{"id":142,"date":"2018-12-31T18:29:59","date_gmt":"2018-12-31T17:29:59","guid":{"rendered":"https:\/\/hatzak.de\/travel\/?page_id=142"},"modified":"2018-12-31T18:29:59","modified_gmt":"2018-12-31T17:29:59","slug":"mover-viver-e-viajar-para-a-alemanha","status":"publish","type":"page","link":"https:\/\/hatzak.de\/travel\/pt-pt\/","title":{"rendered":"Mover, viver e viajar para a Alemanha"},"content":{"rendered":"<p><span class=\"tlid-translation translation\">Voc\u00ea est\u00e1 planejando morar na Alemanha ou se mudar para a Alemanha como expat, estudante, para trabalhar, como AuPair ou viajar para a Alemanha como turista por um per\u00edodo mais longo de tempo? Berlim, Hamburgo, Stuttgart, Munique, Col\u00f4nia e muitas outras cidades s\u00e3o \u00e1reas de viagens e resid\u00eancias muito populares para come\u00e7ar uma nova vida. Para dominar bem os primeiros passos, observe os seguintes pontos:<\/p>\n<p>1. Abrir conta corrente on-line ou conta banc\u00e1ria na Alemanha (gratuita \/ barata)<br \/>\n2. Encontrar apartamento \/ casa e alugar \/ comprar<br \/>\n3. Registro de seu domic\u00edlio na prefeitura ou no escrit\u00f3rio local do distrito<br \/>\n4. fornecedor de eletricidade<br \/>\n5. Fornecedor de g\u00e1s \/ \u00e1gua<br \/>\n6. Telefone \/ provedor de Internet<br \/>\n7. Provedor de telefonia m\u00f3vel<br \/>\n8. Seguro alem\u00e3o importante<br \/>\n(Seguro de sa\u00fade, seguro de responsabilidade civil, seguro contra acidentes, seguro m\u00e9dico estrangeiro, seguro odontol\u00f3gico)<br \/>\n9. N\u00e3o se esque\u00e7a de deixar a igreja \/ religi\u00e3o porque voc\u00ea paga 7% de imposto sobre igrejas para protestantes ou cat\u00f3licos.<\/p>\n<p>Estados federais da Rep\u00fablica Federal da Alemanha<\/p>\n<p>A Rep\u00fablica Federal da Alemanha (FRG) \u00e9 dividida em 16 estados federais. Os estados federais da Alemanha e a capital provincial s\u00e3o:<\/p>\n<p>1. Baden-W\u00fcrttemberg (Estugarda)<br \/>\n2. Estado Livre da Baviera (Munique)<br \/>\n3. Berlim (Berlim)<br \/>\n4. Brandemburgo (Potsdam)<br \/>\n5. Cidade Hanse\u00e1tica Livre de Bremen (Bremen)<br \/>\n6. Cidade Livre e Hanse\u00e1tica de Hamburgo (Hamburgo)<br \/>\n7. Hesse (Wiesbaden)<br \/>\n8. Meclemburgo-Pomer\u00e2nia Ocidental (Schwerin)<br \/>\n9. Baixa Sax\u00f3nia (Han\u00f4ver)<br \/>\n10. Ren\u00e2nia do Norte-Vestf\u00e1lia (Dusseldorf)<br \/>\n11. Ren\u00e2nia-Palatinado (Mainz)<br \/>\n12. Saarland (Saarbr\u00fccken)<br \/>\n13. Sax\u00f4nia (Dresden)<br \/>\n14. Sax\u00f4nia-Anhalt (Magdeburgo)<br \/>\n15. Schleswig-Holstein (Kiel)<br \/>\n16. Estado Livre da Tur\u00edngia (Erfurt)<\/span><\/p>\n","protected":false},"excerpt":{"rendered":"<p>Voc\u00ea est\u00e1 planejando morar na Alemanha ou se mudar para a Alemanha como expat, estudante, para trabalhar, como AuPair ou viajar para a Alemanha como turista por um per\u00edodo mais longo de tempo? Berlim, Hamburgo, Stuttgart, Munique, Col\u00f4nia e muitas outras cidades s\u00e3o \u00e1reas de viagens e resid\u00eancias muito populares para come\u00e7ar uma nova vida. &hellip; <a href=\"https:\/\/hatzak.de\/travel\/pt-pt\/\" class=\"more-link\">Continuar a ler<span class=\"screen-reader-text\"> &#8220;Mover, viver e viajar para a Alemanha&#8221;<\/span><\/a><\/p>\n","protected":false},"author":1,"featured_media":0,"parent":0,"menu_order":0,"comment_status":"closed","ping_status":"closed","template":"","meta":{"footnotes":""},"class_list":["post-142","page","type-page","status-publish","hentry"],"_links":{"self":[{"href":"https:\/\/hatzak.de\/travel\/pt-pt\/wp-json\/wp\/v2\/pages\/142","targetHints":{"allow":["GET"]}}],"collection":[{"href":"https:\/\/hatzak.de\/travel\/pt-pt\/wp-json\/wp\/v2\/pages"}],"about":[{"href":"https:\/\/hatzak.de\/travel\/pt-pt\/wp-json\/wp\/v2\/types\/page"}],"author":[{"embeddable":true,"href":"https:\/\/hatzak.de\/travel\/pt-pt\/wp-json\/wp\/v2\/users\/1"}],"replies":[{"embeddable":true,"href":"https:\/\/hatzak.de\/travel\/pt-pt\/wp-json\/wp\/v2\/comments?post=142"}],"version-history":[{"count":1,"href":"https:\/\/hatzak.de\/travel\/pt-pt\/wp-json\/wp\/v2\/pages\/142\/revisions"}],"predecessor-version":[{"id":143,"href":"https:\/\/hatzak.de\/travel\/pt-pt\/wp-json\/wp\/v2\/pages\/142\/revisions\/143"}],"wp:attachment":[{"href":"https:\/\/hatzak.de\/travel\/pt-pt\/wp-json\/wp\/v2\/media?parent=142"}],"curies":[{"name":"wp","href":"https:\/\/api.w.org\/{rel}","templated":true}]}}