{"id":150,"date":"2018-12-31T18:36:40","date_gmt":"2018-12-31T17:36:40","guid":{"rendered":"https:\/\/hatzak.de\/travel\/?page_id=150"},"modified":"2018-12-31T18:36:40","modified_gmt":"2018-12-31T17:36:40","slug":"selitev-zivljenje-in-potovanje-v-nemcijo","status":"publish","type":"page","link":"https:\/\/hatzak.de\/travel\/sl\/","title":{"rendered":"Selitev, \u017eivljenje in potovanje v Nem\u010dijo"},"content":{"rendered":"<p><span class=\"tlid-translation translation\">Ali nameravate \u017eiveti v Nem\u010diji ali se preseliti v Nem\u010dijo kot izseljenci, \u0161tudenti, na delo, kot Au Pair ali potovati v Nem\u010dijo kot turist za dalj\u0161e \u010dasovno obdobje? Berlin, Hamburg, Stuttgart, M\u00fcnchen, K\u00f6ln in \u0161tevilna druga mesta so zelo priljubljena potovalna in stanovanjska obmo\u010dja za za\u010detek novega \u017eivljenja. \u010ce \u017eelite dobro obvladati prve korake, upo\u0161tevajte naslednje to\u010dke:<\/p>\n<p>1. Odprite online teko\u010di ra\u010dun ali ban\u010dni ra\u010dun v Nem\u010diji (brezpla\u010dno \/ poceni)<br \/>\n2. Poi\u0161\u010di stanovanje \/ hi\u0161o in najem \/ nakup<br \/>\n3. Registracija va\u0161ega stalnega prebivali\u0161\u010da v mestni hi\u0161i ali lokalni okro\u017eni pisarni<br \/>\n4. ponudnik elektri\u010dne energije<br \/>\n5. Ponudnik plina in vode<br \/>\n6. Telefonski \/ internetni ponudnik<br \/>\n7. Ponudnik mobilnega telefona<br \/>\n8. Pomembno nem\u0161ko zavarovanje<br \/>\n(Zdravstveno zavarovanje, zavarovanje odgovornosti, nezgodno zavarovanje, tuje zdravstveno zavarovanje, zobozdravstveno zavarovanje)<br \/>\n9. Ne pozabite zapustiti cerkve \/ vere, ker pla\u010date 7% cerkvenega davka za protestantsko ali katoli\u0161ko veroizpoved<\/p>\n<p>Zvezne dr\u017eave Zvezne republike Nem\u010dije<\/p>\n<p>Zvezna republika Nem\u010dija (FRG) je razdeljena na 16 zveznih dr\u017eav. Nem\u0161ke zvezne dr\u017eave in glavno mesto pokrajine so:<\/p>\n<p>1. Baden-W\u00fcrttemberg (Stuttgart)<br \/>\n2. Svobodna de\u017eela Bavarska (M\u00fcnchen) \\ t<br \/>\n3. Berlin (Berlin)<br \/>\n4. Brandenburg (Potsdam)<br \/>\n5. Prosto hanzeatsko mesto Bremen (Bremen)<br \/>\n6. Free in Hanseatic City of Hamburg (Hamburg)<br \/>\n7. Hesse (Wiesbaden)<br \/>\n8. Mecklenburg-Western Pomerania (Schwerin)<br \/>\n9. Spodnja Sa\u0161ka (Hannover))<br \/>\n10. Severno Porenje-Vestfalija (Dusseldorf)<br \/>\n11. Porenje-Pfalz (Mainz)<br \/>\n12. Posarje (Saarbr\u00fccken)<br \/>\n13. Sa\u0161ka (Dresden)<br \/>\n14. Sa\u0161ka-Anhalt (Magdeburg)<br \/>\n15. Schleswig-Holstein (Kiel)<br \/>\n16. svobodna dr\u017eava Turingija (Erfurt)<\/span><\/p>\n","protected":false},"excerpt":{"rendered":"<p>Ali nameravate \u017eiveti v Nem\u010diji ali se preseliti v Nem\u010dijo kot izseljenci, \u0161tudenti, na delo, kot Au Pair ali potovati v Nem\u010dijo kot turist za dalj\u0161e \u010dasovno obdobje? Berlin, Hamburg, Stuttgart, M\u00fcnchen, K\u00f6ln in \u0161tevilna druga mesta so zelo priljubljena potovalna in stanovanjska obmo\u010dja za za\u010detek novega \u017eivljenja. \u010ce \u017eelite dobro obvladati prve korake, upo\u0161tevajte &hellip; <a href=\"https:\/\/hatzak.de\/travel\/sl\/\" class=\"more-link\">Preberi ve\u010d<span class=\"screen-reader-text\"> &#8220;Selitev, \u017eivljenje in potovanje v Nem\u010dijo&#8221;<\/span><\/a><\/p>\n","protected":false},"author":1,"featured_media":0,"parent":0,"menu_order":0,"comment_status":"closed","ping_status":"closed","template":"","meta":{"footnotes":""},"class_list":["post-150","page","type-page","status-publish","hentry"],"_links":{"self":[{"href":"https:\/\/hatzak.de\/travel\/sl\/wp-json\/wp\/v2\/pages\/150","targetHints":{"allow":["GET"]}}],"collection":[{"href":"https:\/\/hatzak.de\/travel\/sl\/wp-json\/wp\/v2\/pages"}],"about":[{"href":"https:\/\/hatzak.de\/travel\/sl\/wp-json\/wp\/v2\/types\/page"}],"author":[{"embeddable":true,"href":"https:\/\/hatzak.de\/travel\/sl\/wp-json\/wp\/v2\/users\/1"}],"replies":[{"embeddable":true,"href":"https:\/\/hatzak.de\/travel\/sl\/wp-json\/wp\/v2\/comments?post=150"}],"version-history":[{"count":1,"href":"https:\/\/hatzak.de\/travel\/sl\/wp-json\/wp\/v2\/pages\/150\/revisions"}],"predecessor-version":[{"id":151,"href":"https:\/\/hatzak.de\/travel\/sl\/wp-json\/wp\/v2\/pages\/150\/revisions\/151"}],"wp:attachment":[{"href":"https:\/\/hatzak.de\/travel\/sl\/wp-json\/wp\/v2\/media?parent=150"}],"curies":[{"name":"wp","href":"https:\/\/api.w.org\/{rel}","templated":true}]}}