{"id":121,"date":"2018-12-31T18:23:29","date_gmt":"2018-12-31T17:23:29","guid":{"rendered":"https:\/\/hatzak.de\/travel\/?page_id=121"},"modified":"2018-12-31T18:23:41","modified_gmt":"2018-12-31T17:23:41","slug":"flytta-bo-och-resa-till-tyskland","status":"publish","type":"page","link":"https:\/\/hatzak.de\/travel\/sv\/","title":{"rendered":"Flytta, bo och resa till Tyskland"},"content":{"rendered":"<p><span class=\"tlid-translation translation\">Planerar du att bo i Tyskland eller att flytta till Tyskland som expat, en student, att arbeta, som AuPair eller att resa till Tyskland som turist f\u00f6r en l\u00e4ngre tid? Berlin, Hamburg, Stuttgart, M\u00fcnchen, K\u00f6ln och m\u00e5nga andra st\u00e4der \u00e4r mycket popul\u00e4ra rese- och bostadsomr\u00e5den f\u00f6r att starta ett nytt liv. F\u00f6r att beh\u00e4rska de f\u00f6rsta stegen bra borde du notera f\u00f6ljande punkter:<\/span><\/p>\n<p>1. \u00d6ppna online nuvarande konto eller bankkonto i Tyskland (gratis \/ billigt)<br \/>\n2. Hitta l\u00e4genhet \/ hus och hyra \/ k\u00f6p<br \/>\n3. Registrering av ditt hemort p\u00e5 r\u00e5dhuset eller lokalkontoret<br \/>\n4. Fj\u00e4rde elleverant\u00f6r<br \/>\n5. Gas \/ vattenleverant\u00f6r<br \/>\n6. Telefon \/ Internetleverant\u00f6r<br \/>\n7. Mobiltelefonleverant\u00f6r<br \/>\n8. Viktig tysk f\u00f6rs\u00e4kring<br \/>\n(Sjukf\u00f6rs\u00e4kring, ansvarsf\u00f6rs\u00e4kring, olycksfallsf\u00f6rs\u00e4kring, utl\u00e4ndsk sjukf\u00f6rs\u00e4kring, dental f\u00f6rs\u00e4kring)<br \/>\n9. Gl\u00f6m inte att sluta kyrkan \/ religionen eftersom du betalar 7% kyrksskatt annars f\u00f6r protestantisk eller katolsk ben\u00e4mning<\/p>\n<p>F\u00f6rbundsrepubliken Tysklands federala stater<\/p>\n<p>F\u00f6rbundsrepubliken Tyskland (FRG) \u00e4r indelad i 16 federala stater. Tysklands federala stater och provinskapital \u00e4r:<\/p>\n<p>1. Baden-W\u00fcrttemberg (Stuttgart)<br \/>\n2. Bayerns delstat (M\u00fcnchen)<br \/>\n3. Berlin (Berlin)<br \/>\n4. Brandenburg (Potsdam)<br \/>\n5. Hanseatic City of Bremen (Bremen)<br \/>\n6. Fri och Hansestad Hamburg (Hamburg)<br \/>\n7. Hesse (Wiesbaden)<br \/>\n8. Mecklenburg-Vorpommern (Schwerin)<br \/>\n9. Niedersachsen (Hannover)<br \/>\n10. Nordrhein-Westfalen (D\u00fcsseldorf)<br \/>\n11. Rheinland-Pfalz (Mainz)<br \/>\n12. Saarland (Saarbr\u00fccken)<br \/>\n13. Sachsen (Dresden)<br \/>\n14. Sachsen-Anhalt (Magdeburg)<br \/>\n15. Schleswig-Holstein (Kiel)<br \/>\n16. delstaten Th\u00fcringen (Erfurt)<\/p>\n","protected":false},"excerpt":{"rendered":"<p>Planerar du att bo i Tyskland eller att flytta till Tyskland som expat, en student, att arbeta, som AuPair eller att resa till Tyskland som turist f\u00f6r en l\u00e4ngre tid? Berlin, Hamburg, Stuttgart, M\u00fcnchen, K\u00f6ln och m\u00e5nga andra st\u00e4der \u00e4r mycket popul\u00e4ra rese- och bostadsomr\u00e5den f\u00f6r att starta ett nytt liv. F\u00f6r att beh\u00e4rska de &hellip; <a href=\"https:\/\/hatzak.de\/travel\/sv\/\" class=\"more-link\">Forts\u00e4tt l\u00e4sa<span class=\"screen-reader-text\"> \u201dFlytta, bo och resa till Tyskland\u201d<\/span><\/a><\/p>\n","protected":false},"author":1,"featured_media":0,"parent":0,"menu_order":0,"comment_status":"closed","ping_status":"closed","template":"","meta":{"footnotes":""},"class_list":["post-121","page","type-page","status-publish","hentry"],"_links":{"self":[{"href":"https:\/\/hatzak.de\/travel\/sv\/wp-json\/wp\/v2\/pages\/121","targetHints":{"allow":["GET"]}}],"collection":[{"href":"https:\/\/hatzak.de\/travel\/sv\/wp-json\/wp\/v2\/pages"}],"about":[{"href":"https:\/\/hatzak.de\/travel\/sv\/wp-json\/wp\/v2\/types\/page"}],"author":[{"embeddable":true,"href":"https:\/\/hatzak.de\/travel\/sv\/wp-json\/wp\/v2\/users\/1"}],"replies":[{"embeddable":true,"href":"https:\/\/hatzak.de\/travel\/sv\/wp-json\/wp\/v2\/comments?post=121"}],"version-history":[{"count":1,"href":"https:\/\/hatzak.de\/travel\/sv\/wp-json\/wp\/v2\/pages\/121\/revisions"}],"predecessor-version":[{"id":123,"href":"https:\/\/hatzak.de\/travel\/sv\/wp-json\/wp\/v2\/pages\/121\/revisions\/123"}],"wp:attachment":[{"href":"https:\/\/hatzak.de\/travel\/sv\/wp-json\/wp\/v2\/media?parent=121"}],"curies":[{"name":"wp","href":"https:\/\/api.w.org\/{rel}","templated":true}]}}