{"id":22,"date":"2018-12-31T13:17:22","date_gmt":"2018-12-31T12:17:22","guid":{"rendered":"https:\/\/hatzak.de\/travel\/?page_id=22"},"modified":"2021-12-23T18:02:15","modified_gmt":"2021-12-23T17:02:15","slug":"almanyada-bir-banka-hesabi-nasil-acilir","status":"publish","type":"page","link":"https:\/\/hatzak.de\/travel\/tr\/almanyada-bir-banka-hesabi-nasil-acilir\/","title":{"rendered":"Almanya&#8217;da bir banka hesab\u0131 nas\u0131l a\u00e7\u0131l\u0131r"},"content":{"rendered":"<p><span class=\"tlid-translation translation\">Alman banka hesab\u0131<\/span><\/p>\n<p>Banka hesab\u0131 Almanya Yapman\u0131z gereken en \u00f6nemli \u015feylerden biri bir Alman banka hesab\u0131 a\u00e7mak. Bir Alman banka hesab\u0131 olmadan, bir ev kiralayamaz, bir Alman mobil s\u00f6zle\u015fmesi veya bir \u0130nternet s\u00f6zle\u015fmesi edemezsiniz. Ek olarak, i\u015fverenler genellikle kazand\u0131klar\u0131 maa\u015flar\u0131n\u0131 yaln\u0131zca bir Alman banka hesab\u0131na aktar\u0131rlar, bu nedenle Berlin&#8217;e ta\u015f\u0131nd\u0131ktan hemen sonra bir Alman banka hesab\u0131na kay\u0131t oldu\u011funuzdan emin olun.<\/p>\n<ul>\n<li><a href=\"https:\/\/wise.prf.hn\/click\/camref:1101lkWCT\" target=\"_blank\" rel=\"noopener\"><span class=\"VIiyi\" lang=\"en\"><span class=\"JLqJ4b ChMk0b\" data-language-for-alternatives=\"en\" data-language-to-translate-into=\"de\" data-phrase-index=\"0\" data-number-of-phrases=\"1\"><span class=\"VIiyi\" lang=\"pl\">WISE&#8217;den 4 kat daha ucuz uluslararas\u0131 hesap <\/span><\/span><\/span><\/a><\/li>\n<\/ul>\n<p>Bir Alman banka hesab\u0131 a\u00e7man\u0131n \u00f6nemine dikkat \u00e7ektikten sonra, belirli bir bankaya kaydolmadan \u00f6nce g\u00f6z \u00f6n\u00fcnde bulundurman\u0131z gereken baz\u0131 \u015feyler vard\u0131r.<br \/>\nATM yetersizli\u011fi<\/p>\n<p>Berlin ve di\u011fer b\u00fcy\u00fck Alman \u015fehirlerinde ciddi ATM s\u0131k\u0131nt\u0131s\u0131 var. Bu, yanl\u0131\u015f bir bankaya kaydolursan\u0131z, bankan\u0131z d\u0131\u015f\u0131ndaki bir ATM&#8217;den para \u00e7ekerken \u00e7ok y\u00fcksek \u00fccretler \u00f6deyebilece\u011finiz anlam\u0131na gelir.<\/p>\n<p>Bu oranlar, ATM&#8217;nin ait oldu\u011fu bankaya ba\u011fl\u0131 olarak de\u011fi\u015febilir. Ancak, bankan\u0131zdan olmayan bir ATM&#8217;den para \u00e7ekme \u00fccretinin, para \u00e7ekme ba\u015f\u0131na 5 Euro kadar y\u00fcksek olaca\u011f\u0131ndan emin olabilirsiniz.<br \/>\nEC kartl\u0131 banka hesab\u0131<\/p>\n<p>Yan\u0131n\u0131zda \u00e7ok para ta\u015f\u0131ma fikrinden ho\u015flanm\u0131yorsan\u0131z, bir EC kart\u0131 faydal\u0131 olacakt\u0131r. EC kart\u0131n\u0131zla hemen hemen her yerde, restoranlardan s\u00fcpermarketlere kadar \u00f6deme yapabilirsiniz.<br \/>\nKredi kart\u0131 ile banka hesab\u0131.<\/p>\n<p>Kredi kartlar\u0131, \u00f6rne\u011fin ABD\u2019de oldu\u011fu kadar kabul edilmemektedir. \u00d6zellikle Berlin&#8217;de \u00e7o\u011fu restoran\u0131n kredi kart\u0131 kabul etmedi\u011fini de\u011fil, er ya da ge\u00e7 ya\u015fayacaks\u0131n\u0131z.<\/p>\n<p>Bununla birlikte, bir kredi kart\u0131 bazen, \u00e7evrimi\u00e7i bir \u015fey \u00f6demek zorunda oldu\u011funuzda veya tasarruf hesab\u0131n\u0131zda yeterli para bulunmad\u0131\u011f\u0131nda yararl\u0131 olabilir.<\/p>\n<p>\u00c7o\u011fu Alman bankas\u0131, bir banka hesab\u0131 a\u00e7arken size bir kredi kart\u0131 sunacakt\u0131r, ancak bir kredi limitindeyken \u00f6demek zorunda oldu\u011funuz ilgiye dikkat edin. Bu ayn\u0131 zamanda bir bankadan di\u011ferine de\u011fi\u015fir.<\/p>\n<p>Almanya&#8217;daki en iyi bankay\u0131 bulun<\/p>\n<p>Almanya&#8217;da aralar\u0131ndan se\u00e7im yapabilece\u011finiz binlerce banka var, hepsinin konu\u015fmas\u0131 \u00e7ok zaman alacakt\u0131.<\/p>\n<p>Bu y\u00fczden sadece sizin i\u00e7in en iyi se\u00e7enekleri dinleyeceksiniz.<\/p>\n<p>N26 &#8211; Mobil Banka<\/p>\n<p>Art\u0131k en modern banka hesab\u0131n\u0131 N26 ile a\u00e7abilirsiniz. \u00c7o\u011fu Alman bankas\u0131 hala yirminci y\u00fczy\u0131lda kalm\u0131\u015f gibi g\u00f6r\u00fcnmekle birlikte (bir\u00e7ok makale, uzun kuyruklu fiziksel yerler, sadece Almanca vb.), N26 ak\u0131ll\u0131 telefonunuza ve bilgisayar\u0131n\u0131za bankac\u0131l\u0131k hizmetleri sunmaktad\u0131r.<\/p>\n<p>N26&#8217;ya kay\u0131t olmak tamamen \u00e7evrimi\u00e7i olarak ve herhangi bir belge g\u00f6ndermeden yap\u0131labilir. Ek olarak, t\u00fcm kay\u0131t i\u015fleminden ge\u00e7mek 10 dakikadan fazla s\u00fcrmez.<\/p>\n<p>Oh, evet ve b\u00fcy\u00fck bir avantaj, t\u00fcm s\u00fcrecin de \u0130ngilizce (\u0130spanyolca, Frans\u0131zca ve \u0130talyanca olarak) olmas\u0131d\u0131r. Bu \u00e7ok b\u00fcy\u00fck bir \u015fey \u00e7\u00fcnk\u00fc di\u011fer bankalarla olan m\u00fccadeleyi ve kay\u0131t i\u015flemlerini tamamen Almanca biliyoruz.<\/p>\n<p>Ayr\u0131ca, N26 banka hesab\u0131n\u0131n a\u00e7\u0131lmas\u0131 tamamen \u00fccretsizdir ve \u00fccretsiz bir Maestro kart\u0131 ve \u00fccretsiz bir MasterCard kredi kart\u0131 i\u00e7erir.<\/p>\n<p>Ve \u00fcstesinden gelmek i\u00e7in, \u00fccretsiz nakit para alabilirsiniz<\/p>\n<p>Almanya&#8217;da ayda 5 kereye kadar olan ATM&#8217;ler (neredeyse herkes Adil Kullan\u0131m Politikas\u0131na hak kazand\u0131\u011f\u0131ndan)<br \/>\nAlmanya d\u0131\u015f\u0131ndaki herhangi bir ATM, istedi\u011finiz s\u0131kl\u0131kta<br \/>\n\u0130stedi\u011finiz s\u0131kl\u0131k i\u00e7in 7.000 perakende ma\u011fazaya kadar.<\/p>\n<p>D\u00fcr\u00fcst olmak gerekirse, N26 \u015fu anda Almanlar i\u00e7in oldu\u011fu gibi, t\u00fcm yabanc\u0131lar i\u00e7in de (\u0130ngilizce olarak t\u00fcm hizmetleri sundu\u011fundan) m\u00fckemmel bir se\u00e7enektir.<\/p>\n<p>Aray\u00fcz ve mobil uygulama \u015fu ana kadar g\u00f6rd\u00fc\u011f\u00fcm\u00fcz di\u011fer bankalardan \u00e7ok daha iyi ve ko\u015fullar ger\u00e7ekten rakipsiz. Ayr\u0131ca, t\u00fcm kay\u0131t i\u015flemi \u00e7evrimi\u00e7i ve \u0130ngilizce olarak yap\u0131l\u0131r.<\/p>\n<p>&nbsp;<\/p>\n<p><span class=\"tlid-translation translation\">DKB &#8211; Deutsche Kredit Bank<\/span><\/p>\n<p>T\u00fcm bankac\u0131l\u0131k i\u015flemlerinizi \u00e7evrimi\u00e7i olarak yapmakta kendinizi rahat hissederseniz, DKB en iyi Alman bankas\u0131d\u0131r.<\/p>\n<p>DKB: Deutsche Kredit Bank, di\u011fer geleneksel bankalar\u0131n sunmad\u0131\u011f\u0131 baz\u0131 \u00fcst\u00fcn avantajlara sahip. DKB \u00e7evrimi\u00e7i bankac\u0131l\u0131\u011f\u0131 ile, hangi firma olursa olsun, herhangi bir ATM&#8217;den \u00fccretsiz olarak nakit para alabilirsiniz.<\/p>\n<p>Sorunu hat\u0131rla, Berlin&#8217;de \u00e7ok fazla ATM yok mu? DKB Cash ile bir kredi kart\u0131na kaydoldu\u011funuzda, bu problemi ya\u015famayacaks\u0131n\u0131z.<\/p>\n<p>Daha da iyisi, d\u00fcnyan\u0131n neresinde bir ATM&#8217;den para \u00e7ekmeniz gerekti\u011fine bak\u0131lmaks\u0131z\u0131n, her zaman \u00fccretsiz olacakt\u0131r.<\/p>\n<p>Yani, Avrupa&#8217;y\u0131 gezmeyi planl\u0131yorsan\u0131z, bu sizin i\u00e7in en iyi se\u00e7enek. DKB Nakit size ayr\u0131ca nakit \u00f6deme yapmak istemedi\u011finizde de yararl\u0131 olacak bir elektronik kart verecektir.<\/p>\n<p>Sorunu tekrar hat\u0131rlay\u0131n, bu kredi kartlar\u0131 her yerde kabul edilmez.<\/p>\n<p>T\u00fcm avantajlara dikkat \u00e7ektikten sonra DKB&#8217;nin \u00e7evrimi\u00e7i bir banka oldu\u011funu ve bir sorun ya\u015farsan\u0131z \u015fubelerinden birine giremeyece\u011finizi unutmay\u0131n.<\/p>\n<p>Bununla birlikte, her zaman onlar\u0131 arayabilir veya herhangi bir yard\u0131m i\u00e7in bir e-posta yazabilirsiniz. Ortaya \u00e7\u0131kabilecek herhangi bir problemde size yard\u0131mc\u0131 olacak 7\/24 acil durum numaras\u0131 var.<br \/>\nComdirect<\/p>\n<p>DKB&#8217;ye \u00e7ok benzeyen Comdirect ayr\u0131ca \u00fccretsiz Visa kredi kart\u0131 sunuyor ve yaln\u0131zca \u00e7evrimi\u00e7i.<\/p>\n<p>Almanya&#8217;da Comdirect \u015fubesi yoktur, ancak Visa kredi kart\u0131 Almanya ve yurtd\u0131\u015f\u0131ndaki herhangi bir makinede para \u00e7ekmenize izin verdi\u011fi i\u00e7in bu sizin i\u00e7in bir sorun olmayacakt\u0131r.<\/p>\n","protected":false},"excerpt":{"rendered":"<p>Alman banka hesab\u0131 Banka hesab\u0131 Almanya Yapman\u0131z gereken en \u00f6nemli \u015feylerden biri bir Alman banka hesab\u0131 a\u00e7mak. Bir Alman banka hesab\u0131 olmadan, bir ev kiralayamaz, bir Alman mobil s\u00f6zle\u015fmesi veya bir \u0130nternet s\u00f6zle\u015fmesi edemezsiniz. Ek olarak, i\u015fverenler genellikle kazand\u0131klar\u0131 maa\u015flar\u0131n\u0131 yaln\u0131zca bir Alman banka hesab\u0131na aktar\u0131rlar, bu nedenle Berlin&#8217;e ta\u015f\u0131nd\u0131ktan hemen sonra bir Alman banka &hellip; <a href=\"https:\/\/hatzak.de\/travel\/tr\/almanyada-bir-banka-hesabi-nasil-acilir\/\" class=\"more-link\">Okumaya devam et<span class=\"screen-reader-text\"> &#8220;Almanya&#8217;da bir banka hesab\u0131 nas\u0131l a\u00e7\u0131l\u0131r&#8221;<\/span><\/a><\/p>\n","protected":false},"author":1,"featured_media":0,"parent":0,"menu_order":0,"comment_status":"closed","ping_status":"closed","template":"","meta":{"footnotes":""},"class_list":["post-22","page","type-page","status-publish","hentry"],"_links":{"self":[{"href":"https:\/\/hatzak.de\/travel\/tr\/wp-json\/wp\/v2\/pages\/22","targetHints":{"allow":["GET"]}}],"collection":[{"href":"https:\/\/hatzak.de\/travel\/tr\/wp-json\/wp\/v2\/pages"}],"about":[{"href":"https:\/\/hatzak.de\/travel\/tr\/wp-json\/wp\/v2\/types\/page"}],"author":[{"embeddable":true,"href":"https:\/\/hatzak.de\/travel\/tr\/wp-json\/wp\/v2\/users\/1"}],"replies":[{"embeddable":true,"href":"https:\/\/hatzak.de\/travel\/tr\/wp-json\/wp\/v2\/comments?post=22"}],"version-history":[{"count":2,"href":"https:\/\/hatzak.de\/travel\/tr\/wp-json\/wp\/v2\/pages\/22\/revisions"}],"predecessor-version":[{"id":651,"href":"https:\/\/hatzak.de\/travel\/tr\/wp-json\/wp\/v2\/pages\/22\/revisions\/651"}],"wp:attachment":[{"href":"https:\/\/hatzak.de\/travel\/tr\/wp-json\/wp\/v2\/media?parent=22"}],"curies":[{"name":"wp","href":"https:\/\/api.w.org\/{rel}","templated":true}]}}