{"id":130,"date":"2018-12-31T18:25:48","date_gmt":"2018-12-31T17:25:48","guid":{"rendered":"https:\/\/hatzak.de\/travel\/?page_id=130"},"modified":"2018-12-31T18:25:48","modified_gmt":"2018-12-31T17:25:48","slug":"di-chuyen-song-va-di-du-lich-den-duc","status":"publish","type":"page","link":"https:\/\/hatzak.de\/travel\/vi\/","title":{"rendered":"Di chuy\u1ec3n, s\u1ed1ng v\u00e0 \u0111i du l\u1ecbch \u0111\u1ebfn \u0110\u1ee9c"},"content":{"rendered":"<p><span class=\"tlid-translation translation\">B\u1ea1n c\u00f3 k\u1ebf ho\u1ea1ch s\u1ed1ng \u1edf \u0110\u1ee9c ho\u1eb7c chuy\u1ec3n \u0111\u1ebfn \u0110\u1ee9c nh\u01b0 m\u1ed9t ng\u01b0\u1eddi n\u01b0\u1edbc ngo\u00e0i, m\u1ed9t sinh vi\u00ean, \u0111\u1ec3 l\u00e0m vi\u1ec7c, nh\u01b0 m\u1ed9t AuPair ho\u1eb7c \u0111i du l\u1ecbch \u0111\u1ebfn \u0110\u1ee9c nh\u01b0 m\u1ed9t kh\u00e1ch du l\u1ecbch trong m\u1ed9t th\u1eddi gian d\u00e0i h\u01a1n? Berlin, Hamburg, Stuttgart, Munich, Cologne v\u00e0 nhi\u1ec1u th\u00e0nh ph\u1ed1 kh\u00e1c l\u00e0 nh\u1eefng khu d\u00e2n c\u01b0 v\u00e0 du l\u1ecbch r\u1ea5t n\u1ed5i ti\u1ebfng \u0111\u1ec3 b\u1eaft \u0111\u1ea7u m\u1ed9t cu\u1ed9c s\u1ed1ng m\u1edbi. \u0110\u1ec3 th\u00e0nh th\u1ea1o c\u00e1c b\u01b0\u1edbc \u0111\u1ea7u ti\u00ean, b\u1ea1n c\u1ea7n l\u01b0u \u00fd c\u00e1c \u0111i\u1ec3m sau:<\/p>\n<p>1. M\u1edf t\u00e0i kho\u1ea3n hi\u1ec7n t\u1ea1i ho\u1eb7c t\u00e0i kho\u1ea3n ng\u00e2n h\u00e0ng tr\u1ef1c tuy\u1ebfn t\u1ea1i \u0110\u1ee9c (mi\u1ec5n ph\u00ed \/ gi\u00e1 r\u1ebb)<br \/>\n2. T\u00ecm c\u0103n h\u1ed9 \/ nh\u00e0 v\u00e0 thu\u00ea \/ mua<br \/>\n3. \u0110\u0103ng k\u00fd ch\u1ed7 \u1edf c\u1ee7a b\u1ea1n t\u1ea1i t\u00f2a th\u1ecb ch\u00ednh ho\u1eb7c v\u0103n ph\u00f2ng qu\u1eadn t\u1ea1i \u0111\u1ecba ph\u01b0\u01a1ng<br \/>\nNh\u00e0 cung c\u1ea5p \u0111i\u1ec7n th\u1ee9 4<br \/>\n5. Nh\u00e0 cung c\u1ea5p gas \/ n\u01b0\u1edbc<br \/>\n6. Nh\u00e0 cung c\u1ea5p \u0111i\u1ec7n tho\u1ea1i \/ Internet<br \/>\n7. Nh\u00e0 cung c\u1ea5p \u0111i\u1ec7n tho\u1ea1i di \u0111\u1ed9ng<br \/>\n8. B\u1ea3o hi\u1ec3m quan tr\u1ecdng c\u1ee7a \u0110\u1ee9c<br \/>\n(B\u1ea3o hi\u1ec3m y t\u1ebf, b\u1ea3o hi\u1ec3m tr\u00e1ch nhi\u1ec7m, b\u1ea3o hi\u1ec3m tai n\u1ea1n, b\u1ea3o hi\u1ec3m y t\u1ebf n\u01b0\u1edbc ngo\u00e0i, b\u1ea3o hi\u1ec3m nha khoa)<br \/>\n9. \u0110\u1eebng qu\u00ean r\u1eddi b\u1ecf nh\u00e0 th\u1edd \/ t\u00f4n gi\u00e1o v\u00ec b\u1ea1n ph\u1ea3i tr\u1ea3 7% thu\u1ebf nh\u00e0 th\u1edd n\u1ebfu kh\u00f4ng theo gi\u00e1o ph\u00e1i Tin l\u00e0nh ho\u1eb7c C\u00f4ng gi\u00e1o<\/p>\n<p>Li\u00ean bang C\u1ed9ng h\u00f2a Li\u00ean bang \u0110\u1ee9c<\/p>\n<p>C\u1ed9ng h\u00f2a Li\u00ean bang \u0110\u1ee9c (FRG) \u0111\u01b0\u1ee3c chia th\u00e0nh 16 qu\u1ed1c gia li\u00ean bang. C\u00e1c bang v\u00e0 li\u00ean bang c\u1ee7a \u0110\u1ee9c l\u00e0:<\/p>\n<p>1. Baden-Wurmern (Stuttgart)<br \/>\n2. Bang Bavaria t\u1ef1 do (Munich)<br \/>\n3. Berlin (Berlin)<br \/>\n4. Brandenburg (Potsdam)<br \/>\n5. Th\u00e0nh ph\u1ed1 Hanseatic mi\u1ec5n ph\u00ed c\u1ee7a th\u00e0nh ph\u1ed1 Bremen (Bremen)<br \/>\n6. Th\u00e0nh ph\u1ed1 mi\u1ec5n ph\u00ed v\u00e0 Hanseatic c\u1ee7a Hamburg (Hamburg)<br \/>\n7. H\u00f3c m\u00f4n (Wiesbaden)<br \/>\n8. Mecklenburg-T\u00e2y Pomerania (Schwerin)<br \/>\n9. Lower Sachsen (Hanover)<br \/>\n10. North Rhine-Westphalia (D\u00fcssre)<br \/>\n11. T\u00ea gi\u00e1c-Palatinate (Mainz)<br \/>\n12. Saarland (Saarbr\u00fccken)<br \/>\n13. Sachsen (Dresden)<br \/>\n14. Sachsen-Anhalt (Magdeburg)<br \/>\n15. Schleswig-Holstein (Kiel)<br \/>\nBang Thuringia mi\u1ec5n ph\u00ed th\u1ee9 16 (Erfurt)<\/span><\/p>\n","protected":false},"excerpt":{"rendered":"<p>B\u1ea1n c\u00f3 k\u1ebf ho\u1ea1ch s\u1ed1ng \u1edf \u0110\u1ee9c ho\u1eb7c chuy\u1ec3n \u0111\u1ebfn \u0110\u1ee9c nh\u01b0 m\u1ed9t ng\u01b0\u1eddi n\u01b0\u1edbc ngo\u00e0i, m\u1ed9t sinh vi\u00ean, \u0111\u1ec3 l\u00e0m vi\u1ec7c, nh\u01b0 m\u1ed9t AuPair ho\u1eb7c \u0111i du l\u1ecbch \u0111\u1ebfn \u0110\u1ee9c nh\u01b0 m\u1ed9t kh\u00e1ch du l\u1ecbch trong m\u1ed9t th\u1eddi gian d\u00e0i h\u01a1n? Berlin, Hamburg, Stuttgart, Munich, Cologne v\u00e0 nhi\u1ec1u th\u00e0nh ph\u1ed1 kh\u00e1c l\u00e0 nh\u1eefng khu &hellip; <a href=\"https:\/\/hatzak.de\/travel\/vi\/\" class=\"more-link\">Continue reading<span class=\"screen-reader-text\"> &#8220;Di chuy\u1ec3n, s\u1ed1ng v\u00e0 \u0111i du l\u1ecbch \u0111\u1ebfn \u0110\u1ee9c&#8221;<\/span><\/a><\/p>\n","protected":false},"author":1,"featured_media":0,"parent":0,"menu_order":0,"comment_status":"closed","ping_status":"closed","template":"","meta":{"footnotes":""},"class_list":["post-130","page","type-page","status-publish","hentry"],"_links":{"self":[{"href":"https:\/\/hatzak.de\/travel\/vi\/wp-json\/wp\/v2\/pages\/130","targetHints":{"allow":["GET"]}}],"collection":[{"href":"https:\/\/hatzak.de\/travel\/vi\/wp-json\/wp\/v2\/pages"}],"about":[{"href":"https:\/\/hatzak.de\/travel\/vi\/wp-json\/wp\/v2\/types\/page"}],"author":[{"embeddable":true,"href":"https:\/\/hatzak.de\/travel\/vi\/wp-json\/wp\/v2\/users\/1"}],"replies":[{"embeddable":true,"href":"https:\/\/hatzak.de\/travel\/vi\/wp-json\/wp\/v2\/comments?post=130"}],"version-history":[{"count":1,"href":"https:\/\/hatzak.de\/travel\/vi\/wp-json\/wp\/v2\/pages\/130\/revisions"}],"predecessor-version":[{"id":131,"href":"https:\/\/hatzak.de\/travel\/vi\/wp-json\/wp\/v2\/pages\/130\/revisions\/131"}],"wp:attachment":[{"href":"https:\/\/hatzak.de\/travel\/vi\/wp-json\/wp\/v2\/media?parent=130"}],"curies":[{"name":"wp","href":"https:\/\/api.w.org\/{rel}","templated":true}]}}