{"id":54,"date":"2018-12-31T16:03:57","date_gmt":"2018-12-31T15:03:57","guid":{"rendered":"https:\/\/hatzak.de\/travel\/?page_id=54"},"modified":"2021-12-23T17:58:20","modified_gmt":"2021-12-23T16:58:20","slug":"deutschland","status":"publish","type":"page","link":"https:\/\/hatzak.de\/travel\/","title":{"rendered":"Umzug, Leben und Reisen nach Deutschland"},"content":{"rendered":"<p>Sie haben vor in Deutschland zu leben oder als Expat, Student, zum Arbeiten, als AuPair nach Deutschland umzuziehen oder als Tourist f\u00fcr l\u00e4ngere Zeit nach Deutschland zu reisen? Berlin, Hamburg, Stuttgart, M\u00fcnchen, K\u00f6ln und viele andere St\u00e4dte sind sehr beliebte Reise und Wohngebiete um ein neues Leben anzufangen.\u00a0 Um die ersten Schritte gut zu bew\u00e4lten sollten Sie folgende Punkte beachten:<\/p>\n<ul>\n<li>Online Girokonto oder <a href=\"https:\/\/hatzak.de\/travel\/deutsches-bankkonto-guenstig-kostenfrei\/\">Bankkonto in Deutschland<\/a> er\u00f6ffnen (kostenfrei \/ g\u00fcnstig)<br \/>\nz.b. Das <a href=\"https:\/\/wise.prf.hn\/click\/camref:1101lkWCT\" target=\"_blank\" rel=\"noopener\">4x g\u00fcnstigere internationale Konto von WISE<\/a><\/li>\n<li>Wohnung \/ Haus finden und mieten \/ kaufen<\/li>\n<li>Anmeldung Ihres Wohnsitzes beim Rathaus oder Bezirksamt vor Ort<\/li>\n<li>Strom Anbieter<\/li>\n<li>Gas \/ Wasser Anbieter<\/li>\n<li>Telefon \/ Internetanbieter<\/li>\n<li>Mobiltelefon Anbieter<\/li>\n<li>Wichtige Deutsche Versicherungen<br \/>\n(Krankenversicherung, Haftpflichtversicherung, Unfallversicherung, Auslandskrankenversicherung, Zahnzusatzversicherung)<\/li>\n<li>Nicht vergessen aus der Kirche \/ Religion auszutreten da Sie sonst 7% Kirchensteuer bezahlen bei evangelischer oder katholischer Konfession<\/li>\n<\/ul>\n<p><strong>Bundesl\u00e4nder der Bundesrepublik Deutschland<\/strong><\/p>\n<p>Die Bundesrepublik Deutschland (BRD) teilt sich in 16 Bundesl\u00e4nder auf. Deutschlands Bundesl\u00e4nder und Landeshauptstadt sind:<\/p>\n<ol>\n<li>Baden-W\u00fcrttemberg (Stuttgart)<\/li>\n<li>Freistaat Bayern (M\u00fcnchen)<\/li>\n<li>Berlin (Berlin)<\/li>\n<li>Brandenburg (Potsdam)<\/li>\n<li>Freie Hansestadt Bremen (Bremen)<\/li>\n<li>Freie und Hansestadt Hamburg (Hamburg)<\/li>\n<li>Hessen (Wiesbaden)<\/li>\n<li>Mecklenburg-Vorpommern (Schwerin)<\/li>\n<li>Niedersachsen (Hannover)<\/li>\n<li>Nordrhein-Westfalen (D\u00fcsseldorf)<\/li>\n<li>Rheinland-Pfalz (Mainz)<\/li>\n<li>Saarland (Saarbr\u00fccken)<\/li>\n<li>\u00a0Sachsen (Dresden)<\/li>\n<li>Sachsen-Anhalt (Magdeburg)<\/li>\n<li>Schleswig-Holstein (Kiel)<\/li>\n<li>Freistaat Th\u00fcringen (Erfurt)<\/li>\n<\/ol>\n","protected":false},"excerpt":{"rendered":"<p>Sie haben vor in Deutschland zu leben oder als Expat, Student, zum Arbeiten, als AuPair nach Deutschland umzuziehen oder als Tourist f\u00fcr l\u00e4ngere Zeit nach Deutschland zu reisen? Berlin, Hamburg, Stuttgart, M\u00fcnchen, K\u00f6ln und viele andere St\u00e4dte sind sehr beliebte Reise und Wohngebiete um ein neues Leben anzufangen.\u00a0 Um die ersten Schritte gut zu bew\u00e4lten &hellip; <a href=\"https:\/\/hatzak.de\/travel\/\" class=\"more-link\"><span class=\"screen-reader-text\">\u201eUmzug, Leben und Reisen nach Deutschland\u201c <\/span>weiterlesen<\/a><\/p>\n","protected":false},"author":1,"featured_media":0,"parent":0,"menu_order":0,"comment_status":"closed","ping_status":"closed","template":"","meta":{"footnotes":""},"class_list":["post-54","page","type-page","status-publish","hentry"],"_links":{"self":[{"href":"https:\/\/hatzak.de\/travel\/wp-json\/wp\/v2\/pages\/54","targetHints":{"allow":["GET"]}}],"collection":[{"href":"https:\/\/hatzak.de\/travel\/wp-json\/wp\/v2\/pages"}],"about":[{"href":"https:\/\/hatzak.de\/travel\/wp-json\/wp\/v2\/types\/page"}],"author":[{"embeddable":true,"href":"https:\/\/hatzak.de\/travel\/wp-json\/wp\/v2\/users\/1"}],"replies":[{"embeddable":true,"href":"https:\/\/hatzak.de\/travel\/wp-json\/wp\/v2\/comments?post=54"}],"version-history":[{"count":2,"href":"https:\/\/hatzak.de\/travel\/wp-json\/wp\/v2\/pages\/54\/revisions"}],"predecessor-version":[{"id":644,"href":"https:\/\/hatzak.de\/travel\/wp-json\/wp\/v2\/pages\/54\/revisions\/644"}],"wp:attachment":[{"href":"https:\/\/hatzak.de\/travel\/wp-json\/wp\/v2\/media?parent=54"}],"curies":[{"name":"wp","href":"https:\/\/api.w.org\/{rel}","templated":true}]}}